{"id":2691,"date":"2023-03-22T18:57:00","date_gmt":"2023-03-22T15:57:00","guid":{"rendered":"https:\/\/serjoe.com\/?page_id=2691"},"modified":"2023-03-22T18:59:38","modified_gmt":"2023-03-22T15:59:38","slug":"ilgili-kisi-basvuru-formu","status":"publish","type":"page","link":"https:\/\/serjoe.com\/index.php\/ilgili-kisi-basvuru-formu\/","title":{"rendered":"\u0130lgili Ki\u015fi Ba\u015fvuru Formu"},"content":{"rendered":"\t\t<div data-elementor-type=\"wp-page\" data-elementor-id=\"2691\" class=\"elementor elementor-2691\">\n\t\t\t\t\t\t<section class=\"elementor-section elementor-top-section elementor-element elementor-element-0966f7d elementor-section-boxed elementor-section-height-default elementor-section-height-default\" data-id=\"0966f7d\" data-element_type=\"section\">\n\t\t\t\t\t\t<div class=\"elementor-container elementor-column-gap-default\">\n\t\t\t\t\t<div class=\"elementor-column elementor-col-100 elementor-top-column elementor-element elementor-element-d120b73\" data-id=\"d120b73\" data-element_type=\"column\">\n\t\t\t<div class=\"elementor-widget-wrap elementor-element-populated\">\n\t\t\t\t\t\t<div class=\"elementor-element elementor-element-d09e553 elementor-widget elementor-widget-text-editor\" data-id=\"d09e553\" data-element_type=\"widget\" data-widget_type=\"text-editor.default\">\n\t\t\t\t<div class=\"elementor-widget-container\">\n\t\t\t<style>\/*! elementor - v3.19.0 - 29-01-2024 *\/\n.elementor-widget-text-editor.elementor-drop-cap-view-stacked .elementor-drop-cap{background-color:#69727d;color:#fff}.elementor-widget-text-editor.elementor-drop-cap-view-framed .elementor-drop-cap{color:#69727d;border:3px solid;background-color:transparent}.elementor-widget-text-editor:not(.elementor-drop-cap-view-default) .elementor-drop-cap{margin-top:8px}.elementor-widget-text-editor:not(.elementor-drop-cap-view-default) .elementor-drop-cap-letter{width:1em;height:1em}.elementor-widget-text-editor .elementor-drop-cap{float:left;text-align:center;line-height:1;font-size:50px}.elementor-widget-text-editor .elementor-drop-cap-letter{display:inline-block}<\/style>\t\t\t\t<p><strong>\u0130LG\u0130L\u0130 K\u0130\u015e\u0130 BA\u015eVURU FORMU<\/strong><\/p><p>6698 say\u0131l\u0131 Ki\u015fisel Verilerin Korunmas\u0131 Kanunu (\u201c<strong>KVKK<\/strong>\u201d), ki\u015fisel verileri i\u015flenen ger\u00e7ek ki\u015filere (\u201c<strong>\u0130lgili Ki\u015fi<\/strong>\u201d, \u201c<strong>Ba\u015fvuru Sahibi<\/strong>\u201d), <strong>KVKK<\/strong>\u2019n\u0131n 13. maddesi uyar\u0131nca veri sorumlular\u0131na ba\u015fvuru yaparak <strong>KVKK<\/strong>\u2019n\u0131n 11. maddesinde belirtilen haklar\u0131na ili\u015fkin talepte bulunma imk\u00e2n\u0131 sa\u011flam\u0131\u015ft\u0131r.<\/p><p>\u0130\u015fbu form ile<strong> SERJOE DI\u015e T\u0130CARET ANON\u0130M \u015e\u0130RKET\u0130 <\/strong>(\u201c<strong>SERJOE<\/strong>\u201d veya \u201c<strong>\u015eirket<\/strong>\u201d) olarak veri sorumlusu s\u0131fat\u0131yla, <strong>Ba\u015fvuru Sahibi<\/strong>\u2019nin <strong>KVKK <\/strong>kapsam\u0131nda ilgili haklar\u0131n\u0131 kullanmak \u00fczere taraf\u0131m\u0131za iletece\u011fi talepleri, <strong>KVKK <\/strong>ve Veri Sorumlusuna Ba\u015fvuru Usul ve Esaslar\u0131 Hakk\u0131nda Tebli\u011f (\u201c<strong>Tebli\u011f<\/strong>\u201d) uyar\u0131nca yerine getirmeyi hedeflemekteyiz.<\/p><p><strong>Tebli\u011f<\/strong>\u2019in 4. maddesinin ikinci f\u0131kras\u0131 uyar\u0131nca veri sorumlusuna ba\u015fvuru hakk\u0131ndan yararlanmak i\u00e7in ba\u015fvurular\u0131n T\u00fcrk\u00e7e olarak yap\u0131lmas\u0131 gerekmektedir.<\/p><ol><li><strong>Ba\u015fvuru Usul\u00fc<\/strong><\/li><\/ol><ul><li><strong>Bizzat yaz\u0131l\u0131 olarak ba\u015fvurman\u0131z halinde: <\/strong>eksiksiz olarak doldurulan, talebin a\u00e7\u0131k\u00e7a belirtildi\u011fi ve \u0131slak imzan\u0131z\u0131 i\u00e7erir ba\u015fvuru formu \u00e7\u0131kt\u0131s\u0131n\u0131, <strong>SERJOE <\/strong>i\u015fyeri adresi <strong>Altuni\u0307zade Mah. Ku\u015fbak\u0131\u015f\u0131 Cad. No. 25\/2 D.2 \u00dcsk\u00fcdar\/\u0130stanbul <\/strong>adresine elden teslim edebilirsiniz.<\/li><li><strong>Noter vas\u0131tas\u0131 ile ba\u015fvurman\u0131z halinde: <\/strong>eksiksiz olarak doldurulan, talebin a\u00e7\u0131k\u00e7a belirtildi\u011fi ve \u0131slak imzan\u0131z\u0131 i\u00e7erir ba\u015fvuru formu \u00e7\u0131kt\u0131s\u0131n\u0131, tebligat zarf\u0131n\u0131n \u00fczerine \u201cKi\u015fisel Verilerin Korunmas\u0131 Kanunu Uyar\u0131nca Bilgi Talebi\u201d a\u00e7\u0131klamas\u0131 yaz\u0131larak noter kanal\u0131yla <strong>SERJOE <\/strong>i\u015fyeri adresi<strong> Altuni\u0307zade Mah. Ku\u015fbak\u0131\u015f\u0131 Cad. No. 25\/2 D.2 \u00dcsk\u00fcdar\/\u0130stanbul<\/strong> adresine iletebilirsiniz.<\/li><li><strong>Kay\u0131tl\u0131 elektronik posta (KEP) adresi, g\u00fcvenli imza, mobil imza veya SERJOE\u2019e daha \u00f6ncesinde bildirdi\u011finiz ve SERJOE\u2019nun sistemlerinde kay\u0131tl\u0131 elektronik posta adresiniz ile ba\u015fvurman\u0131z halinde: <\/strong>G\u00fcvenli elektronik imzan\u0131z\u0131 i\u00e7erir, eksiksiz olarak doldurulan ve talebin a\u00e7\u0131k\u00e7a belirtildi\u011fi ba\u015fvuru formunu, elektronik postan\u0131n konu k\u0131sm\u0131na \u201cKi\u015fisel Verilerin Korunmas\u0131 Kanunu Uyar\u0131nca Bilgi Talebi\u201d a\u00e7\u0131klamas\u0131n\u0131 yazarak adresine g\u00f6nderece\u011finiz elektronik posta ile <strong>SERJOE<\/strong>\u2019ya iletebilirsiniz.<\/li><\/ul><p>Yukar\u0131da a\u00e7\u0131klanan usullerden biri kullan\u0131lmak suretiyle <strong>SERJOE<\/strong>\u2019ya ula\u015ft\u0131r\u0131lan ba\u015fvuru formu i\u00e7erisinde yer alan <strong>Ba\u015fvuru Sahibi <\/strong>talebi, <strong>KVKK<\/strong>\u2019n\u0131n 13. maddesinin 2. f\u0131kras\u0131 uyar\u0131nca, talebin niteli\u011fine g\u00f6re en k\u0131sa s\u00fcrede ve talebin <strong>SERJOE<\/strong>\u2019ya ula\u015ft\u0131\u011f\u0131 tarihten itibaren en ge\u00e7 30 (otuz) g\u00fcn i\u00e7erisinde sonu\u00e7land\u0131r\u0131lacak ve talebe ili\u015fkin <strong>SERJOE<\/strong>\u2019nun cevab\u0131 <strong>Ba\u015fvuru Sahibi<\/strong>\u2019ne <strong>KVKK<\/strong>\u2019n\u0131n 13. maddesinin 3. f\u0131kras\u0131 uyar\u0131nca yaz\u0131l\u0131 olarak veya elektronik ortamda bildirilecektir.<\/p><p><strong>SERJOE<\/strong>\u2019ya iletilen talepler \u00fccretsiz olarak sonu\u00e7land\u0131r\u0131lacak olup <strong>SERJOE<\/strong>, ba\u015fvuruya cevab\u0131n yaz\u0131l\u0131 olarak verilmesi halinde ilk on sayfa \u00fczerindeki her sayfa i\u00e7in 1 TL ve cevab\u0131n CD, flash bellek gibi bir kay\u0131t ortam\u0131nda verilmesi halinde kay\u0131t ortam\u0131n\u0131n maliyetini ge\u00e7meyecek bir \u00fccreti<strong> Ba\u015fvuru Sahibi<\/strong>\u2019nden talep edebilecektir. Ba\u015fvurunun <strong>SERJOE<\/strong>\u2019nun hatas\u0131ndan kaynaklanmas\u0131 h\u00e2linde al\u0131nan \u00fccret <strong>Ba\u015fvuru Sahibi<\/strong>\u2019ne iade edilir.<\/p><p><strong>Ba\u015fvuru Sahibi<\/strong>\u2019nin talebi, <strong>SERJOE <\/strong>taraf\u0131ndan kabul edilir veya gerek\u00e7esi a\u00e7\u0131klanarak reddedilir. Ba\u015fvuru cevab\u0131, <strong>Ba\u015fvuru Sahibi<\/strong>\u2019ne yaz\u0131l\u0131 olarak veya elektronik ortamda bildirilir. Ba\u015fvuruda yer alan talebin kabul edilmesi h\u00e2linde, <strong>SERJOE <\/strong>taraf\u0131ndan gere\u011fi yerine getirilir.<\/p><p>Ki\u015fisel Verilerin Silinmesi, Yok Edilmesi veya Anonim Hale Getirilmesi Hakk\u0131nda Y\u00f6netmelik uyar\u0131nca, <strong>SERJOE<\/strong>\u2019nun, ki\u015fisel verilerin silinmesi, yok edilmesi veya anonim hale getirilmesiyle ilgili yap\u0131lan t\u00fcm i\u015flemleri kay\u0131t alt\u0131na almak ve ilgili kay\u0131tlar\u0131 3 y\u0131l s\u00fcreyle saklamakla y\u00fck\u00fcml\u00fc oldu\u011funu hat\u0131rlat\u0131r\u0131z.<\/p><p><strong>Ba\u015fvuru Sahibi <\/strong>talebinin, <strong>SERJOE <\/strong>taraf\u0131ndan gerekti\u011fi gibi de\u011ferlendirilmesi, gerekli ara\u015ft\u0131rman\u0131n yap\u0131labilmesi ve <strong>Ba\u015fvuru Sahibi<\/strong>\u2019ne uygun bir d\u00f6n\u00fc\u015f yap\u0131labilmesi ad\u0131na a\u015fa\u011f\u0131da talep edilen bilgi ya da belgelerin veya ba\u015fvuru sonras\u0131nda ek olarak istenebilecek bilgi ya da belgelerin eksiksiz olarak <strong>SERJOE<\/strong>\u2019ya iletilmesi gerekmektedir. Eksik ya da yanl\u0131\u015f olarak verilen bir bilgi ya da belge nedeniyle <strong>SERJOE<\/strong>\u2019nun gerekli ara\u015ft\u0131rmay\u0131 yapamamas\u0131 halinde <strong>Ba\u015fvuru Sahibi, <\/strong>her t\u00fcrl\u00fc sorumlulu\u011fun kendisine ait oldu\u011funu kabul etmektedir.<\/p><p>L\u00fctfen, a\u015fa\u011f\u0131da talebinizin de\u011ferlendirmeye al\u0131nabilmesi i\u00e7in <strong>Tebli\u011f <\/strong>uyar\u0131nca doldurulmas\u0131 zorunlu bilgileri eksiksiz doldurunuz.<\/p><p>L\u00fctfen <strong>SERJOE<\/strong> ile olan ili\u015fkiniz hakk\u0131nda a\u015fa\u011f\u0131da belirtilenlerden uygun olan se\u00e7ene\u011fi se\u00e7iniz ve a\u015fa\u011f\u0131daki bo\u015flu\u011fa ili\u015fkinin hala devam edip etmedi\u011fi, sona ermi\u015f ise hangi d\u00f6nemlerde devam etti\u011fi ve varsa <strong>SERJOE <\/strong>ile olan ili\u015fkiniz kapsam\u0131nda irtibat halinde oldu\u011funuz yetkili bilgisini yaz\u0131n\u0131z.<\/p><p><strong>SERJOE \u00e7al\u0131\u015fan\u0131<\/strong><\/p><table><tbody><tr><td width=\"43\"><table width=\"100%\"><tbody><tr><td><p>\u00a0<\/p><\/td><\/tr><\/tbody><\/table>\u00a0<\/td><\/tr><\/tbody><\/table><p><strong>\u00a0<\/strong><\/p><p><strong>Eski \u00e7al\u0131\u015fan <\/strong><em>(L\u00fctfen <strong>SERJOE<\/strong>\u2019da \u00e7al\u0131\u015ft\u0131\u011f\u0131n\u0131z y\u0131llar\u0131 belirtiniz):<\/em><\/p><table><tbody><tr><td width=\"43\"><table width=\"100%\"><tbody><tr><td><p>\u00a0<\/p><\/td><\/tr><\/tbody><\/table>\u00a0<\/td><\/tr><\/tbody><\/table><p><strong>\u00a0<\/strong><\/p><p><strong>SERJOE \u00e7al\u0131\u015fan aday\u0131<\/strong><\/p><table><tbody><tr><td width=\"43\"><table width=\"100%\"><tbody><tr><td><p>\u00a0<\/p><\/td><\/tr><\/tbody><\/table>\u00a0<\/td><\/tr><\/tbody><\/table><p><strong>\u00a0<\/strong><\/p><p><strong>Hissedar\/Ortak<\/strong><\/p><table><tbody><tr><td width=\"43\"><table width=\"100%\"><tbody><tr><td><p>\u00a0<\/p><\/td><\/tr><\/tbody><\/table>\u00a0<\/td><\/tr><\/tbody><\/table><p><strong>\u00a0<\/strong><\/p><p><strong>\u0130\u015f orta\u011f\u0131 \u00e7al\u0131\u015fan\u0131 <\/strong><em>(L\u00fctfen \u00e7al\u0131\u015ft\u0131\u011f\u0131n\u0131z firman\u0131n ad\u0131n\u0131 ve g\u00f6revinizi belirtiniz):<\/em><\/p><table><tbody><tr><td width=\"43\"><table width=\"100%\"><tbody><tr><td><p>\u00a0<\/p><\/td><\/tr><\/tbody><\/table>\u00a0<\/td><\/tr><\/tbody><\/table><p><strong>\u00a0<\/strong><\/p><p><strong>Potansiyel \u00fcr\u00fcn veya hizmet al\u0131c\u0131s\u0131<\/strong><\/p><table><tbody><tr><td width=\"43\"><table width=\"100%\"><tbody><tr><td><p>\u00a0<\/p><\/td><\/tr><\/tbody><\/table>\u00a0<\/td><\/tr><\/tbody><\/table><p><strong>\u00a0<\/strong><\/p><p><strong>Stajyer<\/strong><\/p><table><tbody><tr><td width=\"43\"><table width=\"100%\"><tbody><tr><td><p>\u00a0<\/p><\/td><\/tr><\/tbody><\/table>\u00a0<\/td><\/tr><\/tbody><\/table><p><strong>\u00a0<\/strong><\/p><p><strong>Tedarik\u00e7i \u00e7al\u0131\u015fan\u0131<\/strong><\/p><table><tbody><tr><td width=\"43\"><table width=\"100%\"><tbody><tr><td><p>\u00a0<\/p><\/td><\/tr><\/tbody><\/table>\u00a0<\/td><\/tr><\/tbody><\/table><p><strong>\u00a0<\/strong><\/p><p><strong>Tedarik\u00e7i yetkilisi<\/strong><\/p><table><tbody><tr><td width=\"43\"><table width=\"100%\"><tbody><tr><td><p>\u00a0<\/p><\/td><\/tr><\/tbody><\/table>\u00a0<\/td><\/tr><\/tbody><\/table><p><strong>\u00a0<\/strong><\/p><p><strong>\u00dcr\u00fcn veya hizmet alan ki\u015fi<\/strong><\/p><table><tbody><tr><td width=\"43\"><table width=\"100%\"><tbody><tr><td><p>\u00a0<\/p><\/td><\/tr><\/tbody><\/table>\u00a0<\/td><\/tr><\/tbody><\/table><p><strong>\u00a0<\/strong><\/p><p><strong>Ziyaret\u00e7i<\/strong><\/p><table><tbody><tr><td width=\"43\"><table width=\"100%\"><tbody><tr><td><p>\u00a0<\/p><\/td><\/tr><\/tbody><\/table>\u00a0<\/td><\/tr><\/tbody><\/table><p><strong>\u00a0<\/strong><\/p><p><strong>Di\u011fer <\/strong><em>(L\u00fctfen ili\u015fkinizi belirtiniz):<\/em><\/p><table><tbody><tr><td width=\"43\"><table width=\"100%\"><tbody><tr><td><p>\u00a0<\/p><\/td><\/tr><\/tbody><\/table>\u00a0<\/td><\/tr><\/tbody><\/table><table width=\"0\"><tbody><tr><td width=\"564\"><p><strong>\u00a0<\/strong><\/p><\/td><\/tr><tr><td width=\"564\"><p><strong>\u00a0<\/strong><\/p><\/td><\/tr><tr><td width=\"564\"><p><strong>\u00a0<\/strong><\/p><\/td><\/tr><tr><td width=\"564\"><p><strong>\u00a0<\/strong><\/p><\/td><\/tr><tr><td width=\"564\"><p><strong>\u00a0<\/strong><\/p><\/td><\/tr><\/tbody><\/table><ol start=\"2\"><li><strong>\u0130lgili Ki\u015finin Talepleri<\/strong><\/li><\/ol><p>L\u00fctfen ki\u015fisel verilere ili\u015fkin talep veya taleplerinizi a\u015fa\u011f\u0131da ilgili kutucu\u011fu (X) ile i\u015faretlemek suretiyle belirtiniz. \u0130lgili kutucu\u011fu se\u00e7erek talepte bulunman\u0131z halinde, ilgili talep konusuna ili\u015fkin sa\u011flanmas\u0131 gereken bilgi ve belgeleri de i\u015fbu Form ile birlikte <strong>SERJOE<\/strong>\u2019ya iletmeniz gerekecektir.<\/p><table width=\"0\"><tbody><tr><td width=\"245\"><p><strong>Talep<\/strong><\/p><\/td><td width=\"54\"><p><strong>Se\u00e7im<\/strong><\/p><\/td><td width=\"316\"><p><strong>Sa\u011flanmas\u0131 Gerekli Bilgi\/Belge<\/strong><\/p><\/td><\/tr><tr><td width=\"245\"><p>Ki\u015fisel verilerimin <strong>SERJOE <\/strong>taraf\u0131ndan i\u015flenip i\u015flenmedi\u011fini \u00f6\u011frenmek istiyorum.<\/p><\/td><td width=\"54\"><p>\u00a0<\/p><\/td><td width=\"316\"><p>\u0130\u015flendi\u011fini d\u00fc\u015f\u00fcnd\u00fc\u011f\u00fcn\u00fcz belirli bir veri varsa, l\u00fctfen bu tablo sonunda b\u0131rak\u0131lan bo\u015flukta belirtiniz.<\/p><\/td><\/tr><tr><td width=\"245\"><p><strong>SERJOE <\/strong>taraf\u0131ndan ki\u015fisel verilerimin i\u015flenmesi durumunda ki\u015fisel verilerimin hangi ama\u00e7la i\u015flendi\u011fini \u00f6\u011frenmek istiyorum.<\/p><\/td><td width=\"54\"><p>\u00a0<\/p><\/td><td width=\"316\"><p>Hangi ama\u00e7la i\u015flendi\u011fini \u00f6\u011frenmek istedi\u011finiz belirli bir veri varsa, l\u00fctfen bu tablo sonunda b\u0131rak\u0131lan bo\u015flukta belirtiniz.<\/p><\/td><\/tr><tr><td width=\"245\"><p><strong>SERJOE <\/strong>taraf\u0131ndan ki\u015fisel verilerimin i\u015flenmesi durumunda ki\u015fisel verilerimin i\u015flenme amac\u0131n\u0131 ve bunlar\u0131n <strong>SERJOE <\/strong>taraf\u0131ndan amac\u0131na uygun kullan\u0131l\u0131p kullan\u0131lmad\u0131\u011f\u0131n\u0131 \u00f6\u011frenmek istiyorum.<\/p><\/td><td width=\"54\"><p>\u00a0<\/p><\/td><td width=\"316\"><p>Talebinize konu belirli bir veri varsa, l\u00fctfen bu tablo sonunda b\u0131rak\u0131lan bo\u015flukta belirtiniz.<\/p><\/td><\/tr><tr><td width=\"245\"><p><strong>SERJOE <\/strong>taraf\u0131ndan ki\u015fisel verilerimin yurt i\u00e7inde\/yurt d\u0131\u015f\u0131nda \u00fc\u00e7\u00fcnc\u00fc ki\u015filere aktar\u0131lmas\u0131 durumunda <strong>SERJOE <\/strong>taraf\u0131ndan ki\u015fisel verilerimin aktar\u0131ld\u0131\u011f\u0131 \u00fc\u00e7\u00fcnc\u00fc ki\u015fileri \u00f6\u011frenmek istiyorum.<\/p><\/td><td width=\"54\"><p>\u00a0<\/p><\/td><td width=\"316\"><p>Talebinize konu belirli bir veri varsa, l\u00fctfen bu tablo sonunda b\u0131rak\u0131lan bo\u015flukta belirtiniz.<\/p><\/td><\/tr><tr><td width=\"245\"><p><strong>SERJOE <\/strong>taraf\u0131ndan eksik veya yanl\u0131\u015f i\u015flenen ki\u015fisel verilerimin d\u00fczeltilmesini istiyorum.<\/p><\/td><td width=\"54\"><p>\u00a0<\/p><\/td><td width=\"316\"><p>L\u00fctfen eksik veya yanl\u0131\u015f i\u015flendi\u011fini d\u00fc\u015f\u00fcnd\u00fc\u011f\u00fcn\u00fcz ki\u015fisel verinizi ve nas\u0131l d\u00fczeltilmesini istedi\u011finizi bu tablo sonunda b\u0131rak\u0131lan bo\u015flukta veya Form ekinde belirtiniz ve d\u00fczeltme talebinizi do\u011frulayan n\u00fcfus c\u00fczdan\u0131 fotokopisi, fatura, ikamet belgesi gibi belgeleri i\u015fbu Form ekinde iletiniz.<\/p><\/td><\/tr><tr><td width=\"245\"><p>Eksik\/yanl\u0131\u015f i\u015flendi\u011fini d\u00fc\u015f\u00fcnd\u00fc\u011f\u00fcm ki\u015fisel verilerimin aktar\u0131ld\u0131\u011f\u0131 \u00fc\u00e7\u00fcnc\u00fc ki\u015filer nezdinde de d\u00fczeltilmesini istiyorum.<\/p><\/td><td width=\"54\"><p>\u00a0<\/p><\/td><td width=\"316\"><p>L\u00fctfen eksik veya yanl\u0131\u015f i\u015flendi\u011fini d\u00fc\u015f\u00fcnd\u00fc\u011f\u00fcn\u00fcz ki\u015fisel verinizi ve nas\u0131l d\u00fczeltilmesini istedi\u011finizi bu tablo sonunda b\u0131rak\u0131lan bo\u015flukta veya Form ekinde belirtiniz ve d\u00fczeltme talebinizi do\u011frulayan n\u00fcfus c\u00fczdan\u0131 fotokopisi, fatura, ikamet belgesi gibi belgeleri i\u015fbu Form ekinde iletiniz.<\/p><\/td><\/tr><tr><td width=\"245\"><p>Ki\u015fisel verilerimin i\u015flenmelerini gerektiren sebeplerin ortadan kalkmas\u0131 nedeniyle silinmesini\/yok edilmesini istiyorum.<\/p><\/td><td width=\"54\"><p>\u00a0<\/p><\/td><td width=\"316\"><p>L\u00fctfen i\u015flenme sebebinin neden ortadan kalkt\u0131\u011f\u0131n\u0131 d\u00fc\u015f\u00fcnd\u00fc\u011f\u00fcn\u00fcz\u00fc, silinmesini\/yok edilmesini istedi\u011finiz veriyi bu tablo sonunda b\u0131rak\u0131lan bo\u015flukta veya Form ekinde belirtiniz ve varsa talebinizi tevsik edici di\u011fer bilgi\/belgeleri Form ekinde iletiniz.<\/p><\/td><\/tr><tr><td width=\"245\"><p>Ki\u015fisel verilerimin i\u015flenmelerini gerektiren sebeplerin ortadan kalkmas\u0131 nedeniyle aktar\u0131ld\u0131klar\u0131 \u00fc\u00e7\u00fcnc\u00fc ki\u015filer nezdinde de silinmesini\/yok edilmesini istiyorum.<\/p><\/td><td width=\"54\"><p>\u00a0<\/p><\/td><td width=\"316\"><p>L\u00fctfen i\u015flenme sebebinin neden ortadan kalkt\u0131\u011f\u0131n\u0131 d\u00fc\u015f\u00fcnd\u00fc\u011f\u00fcn\u00fcz\u00fc, silinmesini\/yok edilmesini istedi\u011finiz veriyi bu tablo sonunda b\u0131rak\u0131lan bo\u015flukta veya Form ekinde belirtiniz ve varsa talebinizi tevsik edici di\u011fer bilgi\/belgeleri Form ekinde iletiniz.<\/p><\/td><\/tr><tr><td width=\"245\"><p><strong>SERJOE <\/strong>taraf\u0131ndan i\u015flenen ki\u015fisel verilerimin m\u00fcnhas\u0131ran otomatik sistemler vas\u0131tas\u0131yla analiz edildi\u011fini ve bu analiz neticesinde aleyhime bir sonu\u00e7 do\u011fdu\u011funu d\u00fc\u015f\u00fcn\u00fcyor ve bu sonuca itiraz ediyorum.<\/p><\/td><td width=\"54\"><p>\u00a0<\/p><\/td><td width=\"316\"><p>L\u00fctfen otomatik sistemler vas\u0131tas\u0131yla analiz edildi\u011fini d\u00fc\u015f\u00fcnd\u00fc\u011f\u00fcn\u00fcz verilerinizi ve aleyhinize oldu\u011funu d\u00fc\u015f\u00fcnd\u00fc\u011f\u00fcn\u00fcz sonucu bu tablo sonunda b\u0131rak\u0131lan bo\u015flukta veya Form ekinde belirtiniz ve varsa talebinizi tevsik edici bilgi\/belgeleri Form ekinde iletiniz.<\/p><\/td><\/tr><tr><td width=\"245\"><p>Ki\u015fisel verilerimin kanuna ayk\u0131r\u0131 i\u015flenmesi nedeniyle u\u011frad\u0131\u011f\u0131m zarar\u0131n tazminini talep ediyorum.<\/p><\/td><td width=\"54\"><p>\u00a0<\/p><\/td><td width=\"316\"><p>L\u00fctfen ki\u015fisel verilerinizin neden kanuna ayk\u0131r\u0131 olarak i\u015flendi\u011fi kanaatinde oldu\u011funuzu, kanuna ayk\u0131r\u0131 i\u015fleme faaliyeti ve u\u011frad\u0131\u011f\u0131n\u0131z zarar ile birlikte bu tablo sonunda b\u0131rak\u0131lan bo\u015flukta veya form ekinde belirtiniz. Form ekinde talebinizi destekleyen\/tevsik eden Ki\u015fisel Verileri Koruma Kurulu veya mahkeme kararlar\u0131n\u0131 da iletebilirsiniz.<\/p><\/td><\/tr><\/tbody><\/table><p>L\u00fctfen yukar\u0131da belirtti\u011finiz taleplerinize dair istenen bilgileri ve Form ekinde iletti\u011finiz belgeleri a\u015fa\u011f\u0131da belirtiniz.<\/p><table width=\"0\"><tbody><tr><td width=\"565\"><p><strong>\u00a0<\/strong><\/p><\/td><\/tr><tr><td width=\"565\"><p><strong>\u00a0<\/strong><\/p><\/td><\/tr><tr><td width=\"565\"><p><strong>\u00a0<\/strong><\/p><\/td><\/tr><tr><td width=\"565\"><p><strong>\u00a0<\/strong><\/p><\/td><\/tr><tr><td width=\"565\"><p><strong>\u00a0<\/strong><\/p><\/td><\/tr><tr><td width=\"565\"><p><strong>\u00a0<\/strong><\/p><\/td><\/tr><tr><td width=\"565\"><p><strong>\u00a0<\/strong><\/p><\/td><\/tr><\/tbody><\/table><ol start=\"3\"><li><strong>Ba\u015fvurunun Sonu\u00e7land\u0131r\u0131lmas\u0131 ve Ba\u015fvuru Sonucunun Bildirimi<\/strong><\/li><\/ol><p><strong>SERJOE <\/strong>talebinizi, talebin niteli\u011fine g\u00f6re en ge\u00e7 otuz g\u00fcn i\u00e7erisinde de\u011ferlendirerek sonu\u00e7land\u0131racakt\u0131r. Talebinize y\u00f6nelik olumlu veya olumsuz y\u00f6ndeki yan\u0131tlar, taraf\u0131n\u0131za yaz\u0131l\u0131 olarak veya elektronik ortamda bildirilebilir. Ba\u015fvuru sonucunun posta veya elektronik posta y\u00f6ntemlerinden biriyle iletilmesine y\u00f6nelik bir tercihiniz varsa, bu tercihinizi postan\u0131n\/elektronik postan\u0131n g\u00f6nderilece\u011fi adres\/elektronik posta adresi ile birlikte a\u015fa\u011f\u0131da belirtmeniz gerekmektedir:<\/p><table width=\"0\"><tbody><tr><td width=\"567\"><p>Ba\u015fvuruma ili\u015fkin cevab\u0131n elektronik posta arac\u0131l\u0131\u011f\u0131yla g\u00f6nderilmesini istiyorum.<\/p><p><em>(Bu se\u00e7ene\u011fi tercih etmeniz halinde a\u015fa\u011f\u0131da e-posta adresinizi belirtiniz.)<\/em><\/p><p><strong>E-posta: <\/strong><\/p><\/td><td width=\"47\"><table><tbody><tr><td width=\"41\"><table width=\"100%\"><tbody><tr><td><p>\u00a0<\/p><\/td><\/tr><\/tbody><\/table>\u00a0<\/td><\/tr><\/tbody><\/table><\/td><\/tr><tr><td width=\"567\"><p>Ba\u015fvuruma ili\u015fkin cevab\u0131n posta arac\u0131l\u0131\u011f\u0131yla g\u00f6nderilmesini istiyorum.<\/p><p><em>(Bu se\u00e7ene\u011fi tercih etmeniz halinde a\u015fa\u011f\u0131da adresinizi belirtiniz.)<\/em><\/p><p><strong>Adres:<\/strong><\/p><\/td><td width=\"47\"><table><tbody><tr><td width=\"41\"><table width=\"100%\"><tbody><tr><td><p>\u00a0<\/p><\/td><\/tr><\/tbody><\/table>\u00a0<\/td><\/tr><\/tbody><\/table><\/td><\/tr><\/tbody><\/table><p>Talepleriniz kural olarak \u00fccretsiz sonu\u00e7land\u0131r\u0131lacak olmakla birlikte, talebinizin cevapland\u0131r\u0131lmas\u0131n\u0131n ayr\u0131ca bir maliyeti gerektirmesi h\u00e2linde, ilgili mevzuat \u00e7er\u00e7evesinde belirlenen tutarlarda \u00fccret talep edilebilecektir.<\/p><p><strong>SERJOE <\/strong>talebin sonu\u00e7land\u0131r\u0131lmas\u0131 i\u00e7in ek bilgiye ihtiya\u00e7 duymas\u0131 veya ba\u015fvurunun \u0130lgili Ki\u015fi taraf\u0131ndan yap\u0131ld\u0131\u011f\u0131n\u0131n tevsik edilememesi durumunda, sizinle i\u015fbu Formda belirtilen veya <strong>SERJOE <\/strong>nezdinde bulunan ileti\u015fim bilgileriniz arac\u0131l\u0131\u011f\u0131yla ileti\u015fime ge\u00e7ilebilecektir.<\/p><ol start=\"4\"><li><strong>Beyan<\/strong><\/li><\/ol><p>KVKK uyar\u0131nca yapm\u0131\u015f oldu\u011fum ba\u015fvurunun i\u015fbu Ba\u015fvuru Formunda belirtti\u011fim talepler do\u011frultusunda de\u011ferlendirilerek sonu\u00e7land\u0131r\u0131lmas\u0131n\u0131 rica ederim.<\/p><p><strong>\u0130lgili Ki\u015fi<\/strong><\/p><p><strong>Ad\u0131 Soyad\u0131\u00a0\u00a0\u00a0\u00a0\u00a0\u00a0\u00a0\u00a0\u00a0 :<\/strong><\/p><p><strong>T.C. Kimlik No. :<\/strong><\/p><p><em>(Yabanc\u0131lar i\u00e7in pasaport no. belirtiniz.)<\/em><\/p><p><strong>Adres\u00a0\u00a0\u00a0\u00a0\u00a0\u00a0\u00a0\u00a0\u00a0\u00a0\u00a0\u00a0\u00a0\u00a0\u00a0\u00a0\u00a0 :<\/strong><\/p><p><strong>Ba\u015fvuru Tarihi\u00a0 :<\/strong><\/p><p><strong>\u0130mza\u00a0\u00a0\u00a0\u00a0\u00a0\u00a0\u00a0\u00a0\u00a0\u00a0\u00a0\u00a0\u00a0\u00a0\u00a0\u00a0\u00a0\u00a0\u00a0 :<\/strong><\/p><p><strong>\u00a0<\/strong><\/p><p>\u00a0<\/p><p>\u00a0<\/p><p>KEP adresi ve kvkk@\u015eirket.com gibi bir e-posta adresi a\u00e7\u0131l\u0131p ilgili alana eklenmelidir.<\/p>\t\t\t\t\t\t<\/div>\n\t\t\t\t<\/div>\n\t\t\t\t\t<\/div>\n\t\t<\/div>\n\t\t\t\t\t<\/div>\n\t\t<\/section>\n\t\t\t\t<\/div>\n\t\t","protected":false},"excerpt":{"rendered":"<p>\u0130LG\u0130L\u0130 K\u0130\u015e\u0130 BA\u015eVURU FORMU 6698 say\u0131l\u0131 Ki\u015fisel Verilerin Korunmas\u0131 Kanunu (\u201cKVKK\u201d), ki\u015fisel verileri i\u015flenen ger\u00e7ek ki\u015filere (\u201c\u0130lgili Ki\u015fi\u201d, \u201cBa\u015fvuru Sahibi\u201d), KVKK\u2019n\u0131n 13. maddesi uyar\u0131nca veri sorumlular\u0131na ba\u015fvuru yaparak KVKK\u2019n\u0131n 11. [&hellip;]<\/p>\n","protected":false},"author":1,"featured_media":0,"parent":0,"menu_order":0,"comment_status":"closed","ping_status":"closed","template":"","meta":{"footnotes":""},"_links":{"self":[{"href":"https:\/\/serjoe.com\/index.php\/wp-json\/wp\/v2\/pages\/2691"}],"collection":[{"href":"https:\/\/serjoe.com\/index.php\/wp-json\/wp\/v2\/pages"}],"about":[{"href":"https:\/\/serjoe.com\/index.php\/wp-json\/wp\/v2\/types\/page"}],"author":[{"embeddable":true,"href":"https:\/\/serjoe.com\/index.php\/wp-json\/wp\/v2\/users\/1"}],"replies":[{"embeddable":true,"href":"https:\/\/serjoe.com\/index.php\/wp-json\/wp\/v2\/comments?post=2691"}],"version-history":[{"count":5,"href":"https:\/\/serjoe.com\/index.php\/wp-json\/wp\/v2\/pages\/2691\/revisions"}],"predecessor-version":[{"id":2698,"href":"https:\/\/serjoe.com\/index.php\/wp-json\/wp\/v2\/pages\/2691\/revisions\/2698"}],"wp:attachment":[{"href":"https:\/\/serjoe.com\/index.php\/wp-json\/wp\/v2\/media?parent=2691"}],"curies":[{"name":"wp","href":"https:\/\/api.w.org\/{rel}","templated":true}]}}