{"id":2683,"date":"2023-03-22T18:54:11","date_gmt":"2023-03-22T15:54:11","guid":{"rendered":"https:\/\/serjoe.com\/?page_id=2683"},"modified":"2023-03-22T18:56:01","modified_gmt":"2023-03-22T15:56:01","slug":"cerez-politikasi","status":"publish","type":"page","link":"https:\/\/serjoe.com\/index.php\/cerez-politikasi\/","title":{"rendered":"\u00c7erez Politikas\u0131"},"content":{"rendered":"\t\t<div data-elementor-type=\"wp-page\" data-elementor-id=\"2683\" class=\"elementor elementor-2683\">\n\t\t\t\t\t\t<section class=\"elementor-section elementor-top-section elementor-element elementor-element-f313eb9 elementor-section-boxed elementor-section-height-default elementor-section-height-default\" data-id=\"f313eb9\" data-element_type=\"section\">\n\t\t\t\t\t\t<div class=\"elementor-container elementor-column-gap-default\">\n\t\t\t\t\t<div class=\"elementor-column elementor-col-100 elementor-top-column elementor-element elementor-element-b7edebd\" data-id=\"b7edebd\" data-element_type=\"column\">\n\t\t\t<div class=\"elementor-widget-wrap elementor-element-populated\">\n\t\t\t\t\t\t<div class=\"elementor-element elementor-element-e47faf8 elementor-widget elementor-widget-text-editor\" data-id=\"e47faf8\" data-element_type=\"widget\" data-widget_type=\"text-editor.default\">\n\t\t\t\t<div class=\"elementor-widget-container\">\n\t\t\t<style>\/*! elementor - v3.19.0 - 29-01-2024 *\/\n.elementor-widget-text-editor.elementor-drop-cap-view-stacked .elementor-drop-cap{background-color:#69727d;color:#fff}.elementor-widget-text-editor.elementor-drop-cap-view-framed .elementor-drop-cap{color:#69727d;border:3px solid;background-color:transparent}.elementor-widget-text-editor:not(.elementor-drop-cap-view-default) .elementor-drop-cap{margin-top:8px}.elementor-widget-text-editor:not(.elementor-drop-cap-view-default) .elementor-drop-cap-letter{width:1em;height:1em}.elementor-widget-text-editor .elementor-drop-cap{float:left;text-align:center;line-height:1;font-size:50px}.elementor-widget-text-editor .elementor-drop-cap-letter{display:inline-block}<\/style>\t\t\t\t<p><strong>\u00c7EREZ POL\u0130T\u0130KASI<\/strong><\/p><ol><li><strong>GENEL<\/strong><\/li><\/ol><p><strong>SERJOE DI\u015e T\u0130CARET ANON\u0130M \u015e\u0130RKET\u0130 <\/strong>(\u201c<strong>SERJOE<\/strong>\u201d, \u201c<strong>biz<\/strong>\u201d ya da \u201c<strong>\u015eirke<\/strong>t\u201d) olarak <a href=\"https:\/\/serjoe.com\/Default.aspx\">https:\/\/serjoe.com\/<\/a> ve <a href=\"https:\/\/serjoe-ces.com\/iletisim.aspx\">https:\/\/serjoe-ces.com\/<\/a> adreslerinde yer alan internet sitelerimize (\u201c<strong>\u0130nternet Sitesi<\/strong>\u201d), size g\u00f6nderdi\u011fimiz elektronik posta iletilerine veya reklamlara eri\u015fim s\u0131ras\u0131nda kulland\u0131\u011f\u0131n\u0131z bilgisayar, cep telefonu, tablet ve benzeri cihazlar\u0131n\u0131za belirli verilerin kaydedilmesini ve toplanmas\u0131n\u0131 sa\u011flayan \u00e7erez veya piksel tag, flash cookies ve web i\u015faret\u00e7ileri gibi teknolojiler kullanabiliriz. \u0130\u015fbu \u00c7erez Politikas\u0131\u2019nda (\u201c<strong>Politika<\/strong>\u201d) <strong>SERJOE <\/strong>taraf\u0131ndan kullan\u0131labilecek \u00e7erez ve benzeri teknolojileri ifade etmek \u00fczere <em>\u201c\u00e7erez\u201d<\/em> ifadesi kullan\u0131lm\u0131\u015ft\u0131r.<\/p><p>\u00c7erezler arac\u0131l\u0131\u011f\u0131 ile kullan\u0131c\u0131lar\u0131n ki\u015fisel verilerinin toplanmas\u0131 m\u00fcmk\u00fcn olmakla birlikte, \u00e7erezler arac\u0131l\u0131\u011f\u0131yla toplanan her t\u00fcrl\u00fc veri ki\u015fisel veri niteli\u011fi ta\u015f\u0131mayabilir.<\/p><p>\u00c7erezler arac\u0131l\u0131\u011f\u0131yla elde edilen verilerin T\u00fcrk hukuku \u00e7er\u00e7evesinde ki\u015fisel veri niteli\u011finde olmas\u0131 halinde Politika, <strong>Ki\u015fisel Verilere \u0130li\u015fkin Ayd\u0131nlatma Metni\u2019<\/strong>nin ekini olu\u015fturmaktad\u0131r. Bu kapsamda, ki\u015fisel verilerinizin nas\u0131l i\u015flenebilece\u011fi ve bu kapsamdaki haklar\u0131n\u0131z\u0131 nas\u0131l kullanabilece\u011finiz hakk\u0131nda bilgi edinmek i\u00e7in <strong>Ki\u015fisel Verilere \u0130li\u015fkin Ayd\u0131nlatma Metni<\/strong>\u2019ni de okuman\u0131z\u0131 tavsiye ederiz.<\/p><ol><li><strong>\u00c7EREZ NED\u0130R?<\/strong><\/li><\/ol><p>\u00c7erezler, taray\u0131c\u0131lar i\u00e7erisinde bilgisayar\u0131n sabit diskinde saklanan k\u00fc\u00e7\u00fck bilgilerdir. Ziyaret edilen internet sitesinin kullan\u0131lmas\u0131 esnas\u0131nda ziyaret\u00e7ilere ki\u015fiselle\u015ftirilmi\u015f bir deneyim sunmak ve sunulan hizmetleri geli\u015ftirmek, deneyimleri iyile\u015ftirmek i\u00e7in kullan\u0131l\u0131r. Bir internet sitesi i\u00e7erisinde gezinirken kullan\u0131m kolayl\u0131\u011f\u0131na katk\u0131da bulunabilir.<\/p><ol><li><strong>\u00c7EREZ T\u00dcRLER\u0130<\/strong><\/li><\/ol><p>\u00c7erezler s\u00fcre bak\u0131m\u0131ndan veya ait olduklar\u0131 alan ad\u0131na g\u00f6re kategorize edilebilmektedir.<\/p><ol><li>\u00c7erezler, <em>s\u00fcre bak\u0131m\u0131ndan<\/em> s\u0131n\u0131fland\u0131r\u0131lmalar\u0131 durumunda, \u201coturum \u00e7erezleri\u201d ve \u201ckal\u0131c\u0131 \u00e7erezler\u201d olmak \u00fczere ikiye ayr\u0131lmaktad\u0131r:<\/li><li><strong>Oturum \u00e7erezleri:<\/strong> Oturum \u00e7erezleri, \u0130nternet Sitesinin veya \u015eirket\u2019in di\u011fer uygulama veya ortamlar\u0131n\u0131n ziyaret edildi\u011fi her bir oturumda kullan\u0131l\u0131r ve Siteden veya uygulamadan \u00e7\u0131k\u0131lmas\u0131yla birlikte kendili\u011finden silinirler. Bu t\u00fcr \u00e7erezlerin amac\u0131, ziyaretin s\u00fcreklili\u011fini ve g\u00fcvenlili\u011fini sa\u011flamakt\u0131r.<\/li><li><strong>Kal\u0131c\u0131 \u00e7erezler: <\/strong>Kal\u0131c\u0131 \u00e7erezler, \u00f6nceden belirlenen sabit bir s\u00fcre boyunca eri\u015fim s\u0131ras\u0131nda kullan\u0131c\u0131 taraf\u0131ndan kullan\u0131lan bilgisayar veya di\u011fer cihazlara kaydedilir ve oturum veya uygulama kapand\u0131\u011f\u0131nda kendili\u011finden silinmez. Kal\u0131c\u0131 \u00e7erezler birden fazla oturumda kim oldu\u011funuzu hat\u0131rlamam\u0131z gerekti\u011finde kullan\u0131l\u0131r. Bu t\u00fcr \u00e7erezlerin amac\u0131, ziyaret\u00e7ilere daha h\u0131zl\u0131 ve iyi bir hizmet sunarak site i\u015flevselli\u011fini artt\u0131rmakt\u0131r.<\/li><li>\u00c7erezler <em>ait olduklar\u0131 alan ad\u0131na (domain)<\/em> g\u00f6re s\u0131n\u0131fland\u0131r\u0131lmalar\u0131 durumunda ise ili\u015fkili taraf \u00e7erezi ve \u00fc\u00e7\u00fcnc\u00fc ki\u015fi \u00e7erezi olmak \u00fczere ikiye ayr\u0131l\u0131r:<\/li><li><strong>\u0130li\u015fkili taraf \u00e7erezi:<\/strong> \u0130li\u015fkili taraf \u00e7erezleri, ziyaret edilen alan taraf\u0131ndan internet sitesine yerle\u015ftirilen ve sadece bu site taraf\u0131ndan okunabilen \u00e7erezleri ifade eder.<\/li><li><strong>\u00dc\u00e7\u00fcnc\u00fc ki\u015fi \u00e7erezi:<\/strong> \u00dc\u00e7\u00fcnc\u00fc ki\u015fi \u00e7erezleri, ziyaret edilen farkl\u0131 bir alan taraf\u0131ndan yerle\u015ftirilen \u00e7erezleri ifade eder. Ziyaret edilen alan d\u0131\u015f\u0131ndaki ki\u015filerin, ziyaret edilen alan \u00fczerinden kullan\u0131c\u0131 cihaz\u0131na \u00e7erez yerle\u015ftirmeleri durumunda \u00fc\u00e7\u00fcnc\u00fc ki\u015fi \u00e7erezi s\u00f6z konusudur.<\/li><\/ol><ol><li><strong>\u00c7EREZLER\u0130N KULLANIM AMA\u00c7LARI <\/strong><\/li><\/ol><p><strong>SERJOE <\/strong>olarak, internet sitelerimizde, platformlar\u0131m\u0131zda, uygulamalar\u0131m\u0131zda, reklam ve iletilerimizde kulland\u0131\u011f\u0131m\u0131z \u00e7erezlerden, a\u015fa\u011f\u0131da belirtilen ama\u00e7lar ile faydalanabilmekteyiz:<\/p><ol><li><strong>Operasyonel ama\u00e7l\u0131 kullan\u0131mlar: <\/strong>\u0130nternet sitelerimizin, platformlar\u0131m\u0131z\u0131n, uygulamalar\u0131m\u0131z\u0131n veya hizmetlerimizin denetim ve g\u00fcvenli\u011fi i\u00e7in gerekli g\u00f6r\u00fclen \u00e7erezleri kullanabiliriz. Operasyonel ama\u00e7lar i\u00e7in kullan\u0131lan \u00e7erezlere \u00f6rnek olarak internet sitesi, uygulama ve platformlarda yer alan fonksiyonlardan yararlan\u0131lmas\u0131na olanak tan\u0131yan teknolojiler ile bu mecralardaki d\u00fczensiz davran\u0131\u015flar\u0131 tespit etmek i\u00e7in kullan\u0131lan \u00e7erezler g\u00f6sterilebilir.<\/li><li><strong>\u0130\u015flevselli\u011fe y\u00f6nelik kullan\u0131mlar:<\/strong> \u0130nternet sitelerimizin, platformlar\u0131m\u0131z\u0131n, uygulamalar\u0131m\u0131z\u0131n veya hizmetlerimizin kullan\u0131m\u0131n\u0131 kolayla\u015ft\u0131rmak veya bunlar\u0131 kullan\u0131c\u0131lar\u0131m\u0131z i\u00e7in \u00f6zelle\u015ftirmek amac\u0131yla gerekli \u00e7erezleri kullanabiliriz. \u0130\u015flevsellik amac\u0131yla kullanan \u00e7erezlere, kullan\u0131c\u0131 bilgilerini ve tercihlerini hat\u0131rlamam\u0131z\u0131 sa\u011flayan teknolojiler \u00f6rnek g\u00f6sterilebilir.<\/li><li><strong>Performansa y\u00f6nelik kullan\u0131mlar:<\/strong> \u0130nternet sitelerimize, platformlar\u0131m\u0131za, uygulamalar\u0131m\u0131za veya hizmetlerimize ili\u015fkin performans\u0131n art\u0131r\u0131lmas\u0131 ve \u00f6l\u00e7\u00fclmesi amac\u0131yla da gerekli \u00e7erezleri kullanabiliriz. Bu ama\u00e7la kullan\u0131lan \u00e7erezlere \u00f6rnek olarak; kullan\u0131c\u0131lar\u0131n internet sitelerimizi, uygulamalar\u0131m\u0131z\u0131, platformlar\u0131m\u0131z\u0131 ve hizmetlerimizi nas\u0131l kulland\u0131\u011f\u0131n\u0131 anlamam\u0131z\u0131 ve kullan\u0131c\u0131 davran\u0131\u015flar\u0131n\u0131 analiz etmemizi sa\u011flayan \u00e7erezler ile g\u00f6nderdi\u011fimiz iletiler ile etkile\u015fime ge\u00e7ilip ge\u00e7ilmedi\u011fini anlamam\u0131za imk\u00e2n veren teknolojiler g\u00f6sterilebilir.<\/li><li><strong>Reklam ama\u00e7l\u0131 kullan\u0131mlar:<\/strong> \u015eirket\u2019e veya \u00fc\u00e7\u00fcnc\u00fc ki\u015filere ait internet sitesi, platform ve uygulamalar \u00fczerinden, kullan\u0131c\u0131lar\u0131n ilgi alanlar\u0131na y\u00f6nelik reklam ve benzeri i\u00e7erikleri iletmek amac\u0131 ile ili\u015fkili taraf \u00e7erezleri ve \u00fc\u00e7\u00fcnc\u00fc ki\u015fi \u00e7erezleri kullanabiliriz. Reklam ama\u00e7l\u0131 kullan\u0131mlara \u00f6rnek olarak, reklamlar\u0131n etkinli\u011fini \u00f6l\u00e7en \u00e7erezler ile belirli bir reklama t\u0131klan\u0131p t\u0131klanmad\u0131\u011f\u0131n\u0131 veya reklam\u0131n ka\u00e7 kere g\u00f6r\u00fcnt\u00fclendi\u011fini g\u00f6steren \u00e7erezler g\u00f6sterilebilir.<\/li><\/ol><ol><li><strong>\u00c7EREZLER\u0130 REDDETME VE S\u0130LME<\/strong><\/li><\/ol><p>\u00c7o\u011fu taray\u0131c\u0131 varsay\u0131lan olarak \u00e7erezleri otomatik olarak kabul etmeye ayarl\u0131d\u0131r. Ancak, kullan\u0131c\u0131lar diledikleri zaman taray\u0131c\u0131 ayarlar\u0131n\u0131 de\u011fi\u015ftirerek \u00e7erezleri reddedebilir veya silebilir. Ayarlar\u0131n de\u011fi\u015ftirilmesi y\u00f6ntemi kullan\u0131lan taray\u0131c\u0131ya g\u00f6re de\u011fi\u015fmekte olup, \u00e7erezlerin nas\u0131l devre d\u0131\u015f\u0131 b\u0131rak\u0131labilece\u011finin kullan\u0131lan taray\u0131c\u0131ya ili\u015fkin hizmet sa\u011flay\u0131c\u0131dan \u00f6\u011frenilmesi gerekmektedir. Genellikle a\u015fa\u011f\u0131da belirtilen y\u00f6ntemlerle \u00e7erezleri reddedebilirsiniz:<\/p><ul><li>Taray\u0131c\u0131n\u0131z\u0131n ayarlar\u0131n\u0131 \u00e7erez ald\u0131\u011f\u0131n\u0131zda bildirecek \u015fekilde de\u011fi\u015ftirmek,<\/li><li>Mevcut \u00e7erezleri devre d\u0131\u015f\u0131 b\u0131rakmak,<\/li><li>Taray\u0131c\u0131n\u0131z\u0131 otomatik olarak \u00e7erezleri reddedecek \u015fekilde ayarlamak.<\/li><\/ul><p>\u00c7erezlerin devre d\u0131\u015f\u0131 b\u0131rak\u0131lmas\u0131 durumunda internet sitelerimiz, uygulamalar\u0131m\u0131z, platformlar\u0131m\u0131z veya hizmetlerimizin baz\u0131 \u00f6zelliklerinden yararlanman\u0131z\u0131n m\u00fcmk\u00fcn olmayabilece\u011fini belirtmek isteriz.<\/p><p>Taray\u0131c\u0131n\u0131z\u0131n ayarlar\u0131n\u0131 a\u015fa\u011f\u0131daki tablodan ilgili link\u2019e t\u0131klayarak de\u011fi\u015ftirebilirsiniz.<\/p><table width=\"0\"><tbody><tr><td width=\"116\"><p>Google Chrome<\/p><\/td><td width=\"516\"><p><a href=\"http:\/\/www.google.com\/support\/chrome\/bin\/answer.py?hl=en&amp;answer=95647\">http:\/\/www.google.com\/support\/chrome\/bin\/answer.py?hl=en&amp;answer=95647<\/a><\/p><\/td><\/tr><tr><td width=\"116\"><p>Internet Explorer<\/p><\/td><td width=\"516\"><p><a href=\"https:\/\/support.microsoft.com\/en-us\/help\/17442\/windows-internet-explorer-delete-manage-cookies%20\">https:\/\/support.microsoft.com\/en-us\/help\/17442\/windows-internet-explorer-delete-manage-cookies<\/a><\/p><\/td><\/tr><tr><td width=\"116\"><p>MozillaFirefox<\/p><\/td><td width=\"516\"><p><a href=\"http:\/\/support.mozilla.com\/en-US\/kb\/Cookies%20\">http:\/\/support.mozilla.com\/en-US\/kb\/Cookies<\/a><\/p><\/td><\/tr><tr><td width=\"116\"><p>Opera<\/p><\/td><td width=\"516\"><p><a href=\"http:\/\/www.opera.com\/browser\/tutorials\/security\/privacy\/%20\">http:\/\/www.opera.com\/browser\/tutorials\/security\/privacy\/<\/a><\/p><\/td><\/tr><tr><td width=\"116\"><p>Safari<\/p><\/td><td width=\"516\"><p><a href=\"https:\/\/support.apple.com\/kb\/ph19214?locale=tr_TR%20\">https:\/\/support.apple.com\/kb\/ph19214?<\/a><\/p><\/td><\/tr><tr><td width=\"116\"><p>Microsoft Edge<\/p><\/td><td width=\"516\"><p><a href=\"https:\/\/support.microsoft.com\/tr-tr\/help\/17442\/windows-internet-explorer-delete-manage-cookies\">https:\/\/support.microsoft.com\/tr-tr\/help\/17442\/windows-internet-explorer-delete-manage-cookies<\/a><\/p><\/td><\/tr><\/tbody><\/table><p>\u00a0<\/p><ol><li><strong>YETK\u0130L\u0130 H\u0130ZMET SA\u011eLAYICILAR<\/strong><\/li><\/ol><p><strong>SERJOE<\/strong> olarak \u0130nternet Sitesi, platformlar\u0131m\u0131z, uygulamalar\u0131m\u0131z\u0131n ve hizmetlerimizin y\u00fcr\u00fct\u00fclmesi ve tan\u0131t\u0131m\u0131 hususlar\u0131nda taraf\u0131m\u0131zca yetkilendirilen baz\u0131 hizmet sa\u011flay\u0131c\u0131lardan yard\u0131m alabiliriz. \u015eirketimizin yetkilendirdi\u011fi bu hizmet sa\u011flay\u0131c\u0131lar da kullan\u0131c\u0131lar\u0131n bilgisayar\u0131na ve di\u011fer cihazlar\u0131na \u00e7erezler ve benzeri teknolojiler (\u00fc\u00e7\u00fcnc\u00fc ki\u015fi \u00e7erezleri) yerle\u015ftirebilir ve kullan\u0131c\u0131 cihaz\u0131n\u0131 tespit etmeye y\u00f6nelik IP adresi, benzersiz tan\u0131mlay\u0131c\u0131 (unique identifier) ve cihaz tan\u0131mlay\u0131c\u0131 gibi bilgileri toplayabilir.<\/p><ol><li><strong>SERJOE<\/strong> <strong>TARAFINDAN KULLANILAN \u00c7EREZLER<\/strong><\/li><\/ol><p><strong>SERJOE<\/strong> taraf\u0131ndan kullan\u0131lan operasyonel, i\u015flevsel ve performansal \u00e7erezler:<\/p><ul><li>Bilgisayar\u0131n\u0131za zarar vermez, vir\u00fcs i\u00e7ermez.<\/li><li>\u0130nternet sitesi aray\u00fcz\u00fcn\u00fcn ve \u00f6zelliklerinin arzu edildi\u011fi gibi kullan\u0131lmas\u0131 i\u00e7in zorunludur.<\/li><li>\u0130nternet sitesinin ziyaret\u00e7iler taraf\u0131ndan nas\u0131l kullan\u0131ld\u0131\u011f\u0131n\u0131 anlamam\u0131z\u0131 sa\u011flayarak, istatistiki verileri bir araya getirmemize ve bu veriler do\u011frultusunda i\u00e7erik geli\u015ftirmemize yard\u0131mc\u0131 olur.<\/li><li>Gelecekte bulunaca\u011f\u0131n\u0131z ziyaretler s\u0131ras\u0131ndaki faaliyetleri h\u0131zland\u0131rman\u0131z\u0131 sa\u011flar.<\/li><li>Hi\u00e7bir ko\u015fulda kimli\u011finizi tan\u0131mlayabilece\u011fimiz verileri toplamaz, saklamaz ve i\u015flememizi sa\u011flamaz, ki\u015fisel veri niteli\u011fi ta\u015f\u0131maz.<\/li><\/ul><p>Hedefleme ve reklamc\u0131l\u0131k \u00e7erezleri ise reklamlar\u0131 ki\u015fiselle\u015ftirmek ve site trafi\u011fini analiz etmek amac\u0131yla, temel hak ve \u00f6zg\u00fcrl\u00fcklerinize zarar vermemek kayd\u0131yla me\u015fru menfaatlerimiz kapsam\u0131nda ve gerekli hukuki taahh\u00fctleri al\u0131nm\u0131\u015f olarak kullan\u0131lmaktad\u0131r. A\u015fa\u011f\u0131daki tabloda <strong>SERJOE<\/strong> taraf\u0131ndan kullan\u0131lan \u00e7erezleri ve \u00e7erezin kullan\u0131m amac\u0131na ili\u015fkin bilgiyi bulabilirsiniz.<\/p><table width=\"0\"><tbody><tr><td width=\"88\"><p>\u00c7EREZ\u0130N ADI<\/p><\/td><td width=\"90\"><p>\u00c7EREZ\u0130N T\u00dcR\u00dc<\/p><\/td><td width=\"318\"><p>\u00c7EREZ\u0130N AMACI<\/p><\/td><td width=\"116\"><p>SAKLAMA S\u00dcRES\u0130<\/p><\/td><\/tr><tr><td width=\"88\"><p>_ga<\/p><\/td><td width=\"90\"><p>Analiz<\/p><\/td><td width=\"318\"><p>Google Analytics taraf\u0131ndan y\u00fcklenen \u00e7erez, ziyaret\u00e7i, oturum ve kampanya verilerini hesaplar ve ayr\u0131ca sitenin analiz raporu i\u00e7in site kullan\u0131m\u0131n\u0131 takip eder. \u00c7erez, bilgileri anonim olarak saklar ve benzersiz ziyaret\u00e7ileri tan\u0131mak i\u00e7in rastgele olu\u015fturulmu\u015f bir numara atar.<\/p><\/td><td width=\"116\"><p>2 y\u0131l<\/p><\/td><\/tr><tr><td width=\"88\"><p>_gid<\/p><\/td><td width=\"90\"><p>Analiz<\/p><\/td><td width=\"318\"><p>Google Analytics taraf\u0131ndan y\u00fcklenen bu \u00e7erez, ziyaret\u00e7ilerin bir web sitesini nas\u0131l kulland\u0131\u011f\u0131na ili\u015fkin bilgileri depolarken ayn\u0131 zamanda web sitesinin performans\u0131na ili\u015fkin bir analiz raporu olu\u015fturur. Toplanan verilerden baz\u0131lar\u0131 ziyaret\u00e7i say\u0131s\u0131n\u0131, kaynaklar\u0131n\u0131 ve anonim olarak ziyaret ettikleri sayfalar\u0131 i\u00e7erir.<\/p><\/td><td width=\"116\"><p>1 g\u00fcn<\/p><\/td><\/tr><tr><td width=\"88\"><p>_gat<\/p><\/td><td width=\"90\"><p>Performans<\/p><\/td><td width=\"318\"><p>Bu \u00e7erez, Google Universal Analytics taraf\u0131ndan istek oran\u0131n\u0131 k\u0131s\u0131tlamak ve b\u00f6ylece y\u00fcksek trafikli sitelerde veri toplanmas\u0131n\u0131 s\u0131n\u0131rlamak i\u00e7in y\u00fcklenir.<\/p><\/td><td width=\"116\"><p>1 dakika<\/p><\/td><\/tr><\/tbody><\/table><p>\u00a0<\/p><ol><li><strong>\u00dc\u00c7\u00dcNC\u00dc K\u0130\u015e\u0130LERE A\u0130T S\u0130TE, \u00dcR\u00dcN VE H\u0130ZMETLER<\/strong><\/li><\/ol><p>\u0130nternet sitelerimiz, platformlar\u0131m\u0131z veya uygulamalar\u0131m\u0131z \u00fc\u00e7\u00fcnc\u00fc ki\u015filere ait internet siteleri, \u00fcr\u00fcn ve hizmetlere ili\u015fkin \u00e7e\u015fitli linkler i\u00e7erebilir. S\u00f6z konusu linkler, \u00fc\u00e7\u00fcnc\u00fc ki\u015filere ait \u00e7erez ve gizlilik politikalar\u0131na tabi olup, \u00fc\u00e7\u00fcnc\u00fc ki\u015filer ve \u00fc\u00e7\u00fcnc\u00fc ki\u015filere ait sitelerin <strong>SERJOE<\/strong>\u2019dan ba\u011f\u0131ms\u0131z oldu\u011fu ve <strong>SERJOE<\/strong>\u2019nun \u00fc\u00e7\u00fcnc\u00fc ki\u015filerin \u00e7erez ve gizlilik uygulamalar\u0131ndan sorumlu olmad\u0131\u011f\u0131n\u0131n fark\u0131nda olunmal\u0131d\u0131r. Link verilen internet sitelerinin ziyaret edilmesi durumunda, bu sitelere ait \u00e7erez ve gizlilik politikalar\u0131n\u0131n okunmas\u0131n\u0131 tavsiye etmekteyiz.<\/p>\t\t\t\t\t\t<\/div>\n\t\t\t\t<\/div>\n\t\t\t\t\t<\/div>\n\t\t<\/div>\n\t\t\t\t\t<\/div>\n\t\t<\/section>\n\t\t\t\t<\/div>\n\t\t","protected":false},"excerpt":{"rendered":"<p>\u00c7EREZ POL\u0130T\u0130KASI GENEL SERJOE DI\u015e T\u0130CARET ANON\u0130M \u015e\u0130RKET\u0130 (\u201cSERJOE\u201d, \u201cbiz\u201d ya da \u201c\u015eirket\u201d) olarak https:\/\/serjoe.com\/ ve https:\/\/serjoe-ces.com\/ adreslerinde yer alan internet sitelerimize (\u201c\u0130nternet Sitesi\u201d), size g\u00f6nderdi\u011fimiz elektronik posta iletilerine veya [&hellip;]<\/p>\n","protected":false},"author":1,"featured_media":0,"parent":0,"menu_order":0,"comment_status":"closed","ping_status":"closed","template":"","meta":{"footnotes":""},"_links":{"self":[{"href":"https:\/\/serjoe.com\/index.php\/wp-json\/wp\/v2\/pages\/2683"}],"collection":[{"href":"https:\/\/serjoe.com\/index.php\/wp-json\/wp\/v2\/pages"}],"about":[{"href":"https:\/\/serjoe.com\/index.php\/wp-json\/wp\/v2\/types\/page"}],"author":[{"embeddable":true,"href":"https:\/\/serjoe.com\/index.php\/wp-json\/wp\/v2\/users\/1"}],"replies":[{"embeddable":true,"href":"https:\/\/serjoe.com\/index.php\/wp-json\/wp\/v2\/comments?post=2683"}],"version-history":[{"count":7,"href":"https:\/\/serjoe.com\/index.php\/wp-json\/wp\/v2\/pages\/2683\/revisions"}],"predecessor-version":[{"id":2690,"href":"https:\/\/serjoe.com\/index.php\/wp-json\/wp\/v2\/pages\/2683\/revisions\/2690"}],"wp:attachment":[{"href":"https:\/\/serjoe.com\/index.php\/wp-json\/wp\/v2\/media?parent=2683"}],"curies":[{"name":"wp","href":"https:\/\/api.w.org\/{rel}","templated":true}]}}