{"id":2216,"date":"2023-01-29T23:24:48","date_gmt":"2023-01-29T20:24:48","guid":{"rendered":"https:\/\/serjoe.com\/?page_id=2216"},"modified":"2026-03-18T17:13:40","modified_gmt":"2026-03-18T14:13:40","slug":"online-parca-satisi","status":"publish","type":"page","link":"https:\/\/serjoe.com\/index.php\/online-parca-satisi\/","title":{"rendered":"Online Par\u00e7a Sat\u0131\u015f\u0131"},"content":{"rendered":"\t\t<div data-elementor-type=\"wp-page\" data-elementor-id=\"2216\" class=\"elementor elementor-2216\">\n\t\t\t\t\t\t<section class=\"elementor-section elementor-top-section elementor-element elementor-element-7ece692f elementor-section-full_width elementor-section-height-default elementor-section-height-default\" data-id=\"7ece692f\" data-element_type=\"section\">\n\t\t\t\t\t\t<div class=\"elementor-container elementor-column-gap-default\">\n\t\t\t\t\t<div class=\"elementor-column elementor-col-100 elementor-top-column elementor-element elementor-element-215893c0\" data-id=\"215893c0\" data-element_type=\"column\">\n\t\t\t<div class=\"elementor-widget-wrap elementor-element-populated\">\n\t\t\t\t\t\t<div class=\"elementor-element elementor-element-5ec03e76 titlebeyaz elementor-widget elementor-widget-gva_post_breadcrumb\" data-id=\"5ec03e76\" data-element_type=\"widget\" data-widget_type=\"gva_post_breadcrumb.default\">\n\t\t\t\t<div class=\"elementor-widget-container\">\n\t\t\t<div class=\"gva-element-gva_post_breadcrumb gva-element\">   \n<div class=\"post-breadcrumb\">\n   <div class=\"custom-breadcrumb \" >\n            <div class=\"breadcrumb-main\">\n        <div class=\"container\">\n          <div class=\"breadcrumb-container-inner\">\n            <h2 class=\"heading-title\">Online Par\u00e7a Sat\u0131\u015f\u0131<\/h2><ol class=\"breadcrumb\"><li><a href=\"https:\/\/serjoe.com\">Home<\/a> <\/li> <li class=\"active\">Sayfa<\/li><\/ol>          <\/div>  \n        <\/div>   \n      <\/div>  \n   <\/div>\n<\/div>      \n\n<\/div>\t\t<\/div>\n\t\t\t\t<\/div>\n\t\t\t\t\t<\/div>\n\t\t<\/div>\n\t\t\t\t\t<\/div>\n\t\t<\/section>\n\t\t\t\t<section class=\"elementor-section elementor-top-section elementor-element elementor-element-27246cda elementor-section-boxed elementor-section-height-default elementor-section-height-default\" data-id=\"27246cda\" data-element_type=\"section\">\n\t\t\t\t\t\t<div class=\"elementor-container elementor-column-gap-default\">\n\t\t\t\t\t<div class=\"elementor-column elementor-col-50 elementor-top-column elementor-element elementor-element-1f78b8f7\" data-id=\"1f78b8f7\" data-element_type=\"column\" data-settings=\"{&quot;background_background&quot;:&quot;classic&quot;}\">\n\t\t\t<div class=\"elementor-widget-wrap elementor-element-populated\">\n\t\t\t\t\t\t<div class=\"elementor-element elementor-element-4b07c31a elementor-widget elementor-widget-spacer\" data-id=\"4b07c31a\" data-element_type=\"widget\" data-widget_type=\"spacer.default\">\n\t\t\t\t<div class=\"elementor-widget-container\">\n\t\t\t<style>\/*! elementor - v3.19.0 - 29-01-2024 *\/\n.elementor-column .elementor-spacer-inner{height:var(--spacer-size)}.e-con{--container-widget-width:100%}.e-con-inner>.elementor-widget-spacer,.e-con>.elementor-widget-spacer{width:var(--container-widget-width,var(--spacer-size));--align-self:var(--container-widget-align-self,initial);--flex-shrink:0}.e-con-inner>.elementor-widget-spacer>.elementor-widget-container,.e-con>.elementor-widget-spacer>.elementor-widget-container{height:100%;width:100%}.e-con-inner>.elementor-widget-spacer>.elementor-widget-container>.elementor-spacer,.e-con>.elementor-widget-spacer>.elementor-widget-container>.elementor-spacer{height:100%}.e-con-inner>.elementor-widget-spacer>.elementor-widget-container>.elementor-spacer>.elementor-spacer-inner,.e-con>.elementor-widget-spacer>.elementor-widget-container>.elementor-spacer>.elementor-spacer-inner{height:var(--container-widget-height,var(--spacer-size))}.e-con-inner>.elementor-widget-spacer.elementor-widget-empty,.e-con>.elementor-widget-spacer.elementor-widget-empty{position:relative;min-height:22px;min-width:22px}.e-con-inner>.elementor-widget-spacer.elementor-widget-empty .elementor-widget-empty-icon,.e-con>.elementor-widget-spacer.elementor-widget-empty .elementor-widget-empty-icon{position:absolute;top:0;bottom:0;left:0;right:0;margin:auto;padding:0;width:22px;height:22px}<\/style>\t\t<div class=\"elementor-spacer\">\n\t\t\t<div class=\"elementor-spacer-inner\"><\/div>\n\t\t<\/div>\n\t\t\t\t<\/div>\n\t\t\t\t<\/div>\n\t\t\t\t\t<\/div>\n\t\t<\/div>\n\t\t\t\t<div class=\"elementor-column elementor-col-50 elementor-top-column elementor-element elementor-element-9beb54a\" data-id=\"9beb54a\" data-element_type=\"column\" data-settings=\"{&quot;background_background&quot;:&quot;classic&quot;}\">\n\t\t\t<div class=\"elementor-widget-wrap elementor-element-populated\">\n\t\t\t\t\t\t<div class=\"elementor-element elementor-element-1e65ac6 yazi-hizalama elementor-widget elementor-widget-gva-heading-block\" data-id=\"1e65ac6\" data-element_type=\"widget\" data-widget_type=\"gva-heading-block.default\">\n\t\t\t\t<div class=\"elementor-widget-container\">\n\t\t\t<div class=\"gva-element-gva-heading-block gva-element\">   <div class=\"align-left style-1 widget gsc-heading box-align-center auto-responsive\">\n      <div class=\"content-inner\">\n         \n         \n         <div class=\"heading-line\"><span><\/span><span><\/span><\/div>\n           \n         \n                     <h2 class=\"title\">\n               <span>Online Par\u00e7a Sat\u0131\u015f\u0131<\/span>\n            <\/h2>\n                              <div class=\"title-desc\">Serjoe, i\u015f ortaklar\u0131n\u0131n ihtiya\u00e7lar\u0131n\u0131 ve pazar\u0131n beklentilerini sekt\u00f6r deneyiminin verdi\u011fi yetkinlikle derinlemesine analiz eder. Analizlerin \u00e7\u0131kt\u0131lar\u0131na dayanarak partnerine \u00f6zel web sitesi tasar\u0131m\u0131 geli\u015ftirir. Serjoe gelirinin b\u00fcy\u00fck bir k\u0131sm\u0131n\u0131 par\u00e7a sat\u0131\u015f\u0131 ile sa\u011flar ve buna verdi\u011fi \u00f6nem sayesinde m\u00fc\u015fteri memnuniyeti garantisi verir.<\/div>\n         \n                     <div class=\"heading-action\">\n               \t\t  <a href=\"https:\/\/dparca.com\/\" class=\"btn-cta btn-theme btn-medium\">\n\t\t\t <span>\u015eimdi Al<\/span>\n\t\t  <\/a>\n\n\t\t              <\/div>\n         \n      <\/div>\n   <\/div>\n<\/div>\t\t<\/div>\n\t\t\t\t<\/div>\n\t\t\t\t\t<\/div>\n\t\t<\/div>\n\t\t\t\t\t<\/div>\n\t\t<\/section>\n\t\t\t\t<section class=\"elementor-section elementor-top-section elementor-element elementor-element-3e9a1f6 elementor-section-boxed elementor-section-height-default elementor-section-height-default\" data-id=\"3e9a1f6\" data-element_type=\"section\">\n\t\t\t\t\t\t<div class=\"elementor-container elementor-column-gap-default\">\n\t\t\t\t\t<div class=\"elementor-column elementor-col-33 elementor-top-column elementor-element elementor-element-4855aa2\" data-id=\"4855aa2\" data-element_type=\"column\">\n\t\t\t<div class=\"elementor-widget-wrap elementor-element-populated\">\n\t\t\t\t\t\t<div class=\"elementor-element elementor-element-315ccc3 elementor-widget elementor-widget-image\" data-id=\"315ccc3\" data-element_type=\"widget\" data-widget_type=\"image.default\">\n\t\t\t\t<div class=\"elementor-widget-container\">\n\t\t\t<style>\/*! elementor - v3.19.0 - 29-01-2024 *\/\n.elementor-widget-image{text-align:center}.elementor-widget-image a{display:inline-block}.elementor-widget-image a img[src$=\".svg\"]{width:48px}.elementor-widget-image img{vertical-align:middle;display:inline-block}<\/style>\t\t\t\t\t\t\t\t\t\t<img fetchpriority=\"high\" decoding=\"async\" width=\"900\" height=\"900\" src=\"https:\/\/serjoe.com\/wp-content\/uploads\/2026\/03\/Bir-baslik-ekleyin-1024x1024.jpg\" class=\"attachment-large size-large wp-image-3210\" alt=\"\" srcset=\"https:\/\/serjoe.com\/wp-content\/uploads\/2026\/03\/Bir-baslik-ekleyin-1024x1024.jpg 1024w, https:\/\/serjoe.com\/wp-content\/uploads\/2026\/03\/Bir-baslik-ekleyin-175x175.jpg 175w, https:\/\/serjoe.com\/wp-content\/uploads\/2026\/03\/Bir-baslik-ekleyin-768x768.jpg 768w, https:\/\/serjoe.com\/wp-content\/uploads\/2026\/03\/Bir-baslik-ekleyin.jpg 1200w\" sizes=\"(max-width: 900px) 100vw, 900px\" \/>\t\t\t\t\t\t\t\t\t\t\t\t\t<\/div>\n\t\t\t\t<\/div>\n\t\t\t\t\t<\/div>\n\t\t<\/div>\n\t\t\t\t<div class=\"elementor-column elementor-col-66 elementor-top-column elementor-element elementor-element-8ffda28\" data-id=\"8ffda28\" data-element_type=\"column\">\n\t\t\t<div class=\"elementor-widget-wrap elementor-element-populated\">\n\t\t\t\t\t\t<div class=\"elementor-element elementor-element-44071c3 yazi-hizalama elementor-widget elementor-widget-gva-heading-block\" data-id=\"44071c3\" data-element_type=\"widget\" data-widget_type=\"gva-heading-block.default\">\n\t\t\t\t<div class=\"elementor-widget-container\">\n\t\t\t<div class=\"gva-element-gva-heading-block gva-element\">   <div class=\"align-left style-1 widget gsc-heading box-align-center auto-responsive\">\n      <div class=\"content-inner\">\n         \n         \n         <div class=\"heading-line\"><span><\/span><span><\/span><\/div>\n           \n         \n                     <h2 class=\"title\">\n               <span>Online Par\u00e7a Sat\u0131\u015f\u0131<\/span>\n            <\/h2>\n                              <div class=\"title-desc\">Serjoe, i\u015f ortaklar\u0131n\u0131n ihtiya\u00e7lar\u0131n\u0131 ve pazar\u0131n beklentilerini sekt\u00f6r deneyiminin verdi\u011fi yetkinlikle derinlemesine analiz eder. Analizlerin \u00e7\u0131kt\u0131lar\u0131na dayanarak partnerine \u00f6zel web sitesi tasar\u0131m\u0131 geli\u015ftirir. Serjoe gelirinin b\u00fcy\u00fck bir k\u0131sm\u0131n\u0131 par\u00e7a sat\u0131\u015f\u0131 ile sa\u011flar ve buna verdi\u011fi \u00f6nem sayesinde m\u00fc\u015fteri memnuniyeti garantisi verir.<\/div>\n         \n                     <div class=\"heading-action\">\n               \t\t  <a href=\"https:\/\/lparca.com\/\" class=\"btn-cta btn-theme btn-medium\">\n\t\t\t <span>\u015eimdi Al<\/span>\n\t\t  <\/a>\n\n\t\t              <\/div>\n         \n      <\/div>\n   <\/div>\n<\/div>\t\t<\/div>\n\t\t\t\t<\/div>\n\t\t\t\t\t<\/div>\n\t\t<\/div>\n\t\t\t\t\t<\/div>\n\t\t<\/section>\n\t\t\t\t<section class=\"elementor-section elementor-top-section elementor-element elementor-element-0b7324b elementor-section-boxed elementor-section-height-default elementor-section-height-default\" data-id=\"0b7324b\" data-element_type=\"section\">\n\t\t\t\t\t\t<div class=\"elementor-container elementor-column-gap-default\">\n\t\t\t\t\t<div class=\"elementor-column elementor-col-50 elementor-top-column elementor-element elementor-element-94eee00\" data-id=\"94eee00\" data-element_type=\"column\" data-settings=\"{&quot;background_background&quot;:&quot;classic&quot;}\">\n\t\t\t<div class=\"elementor-widget-wrap elementor-element-populated\">\n\t\t\t\t\t\t<div class=\"elementor-element elementor-element-7a81a0a elementor-widget elementor-widget-gva-heading-block\" data-id=\"7a81a0a\" data-element_type=\"widget\" data-widget_type=\"gva-heading-block.default\">\n\t\t\t\t<div class=\"elementor-widget-container\">\n\t\t\t<div class=\"gva-element-gva-heading-block gva-element\">   <div class=\"align-left style-1 widget gsc-heading box-align-center auto-responsive\">\n      <div class=\"content-inner\">\n         \n         \n         <div class=\"heading-line\"><span><\/span><span><\/span><\/div>\n           \n         \n                     <h2 class=\"title\">\n               <span>Operasyon S\u00fcreci<\/span>\n            <\/h2>\n                              <div class=\"title-desc\">M\u00fc\u015fteriden \u00fcr\u00fcn sipari\u015fi al\u0131nd\u0131ktan sonra;<\/div>\n         \n         \n      <\/div>\n   <\/div>\n<\/div>\t\t<\/div>\n\t\t\t\t<\/div>\n\t\t\t\t<div class=\"elementor-element elementor-element-9e260fb elementor-widget elementor-widget-text-editor\" data-id=\"9e260fb\" data-element_type=\"widget\" data-widget_type=\"text-editor.default\">\n\t\t\t\t<div class=\"elementor-widget-container\">\n\t\t\t<style>\/*! elementor - v3.19.0 - 29-01-2024 *\/\n.elementor-widget-text-editor.elementor-drop-cap-view-stacked .elementor-drop-cap{background-color:#69727d;color:#fff}.elementor-widget-text-editor.elementor-drop-cap-view-framed .elementor-drop-cap{color:#69727d;border:3px solid;background-color:transparent}.elementor-widget-text-editor:not(.elementor-drop-cap-view-default) .elementor-drop-cap{margin-top:8px}.elementor-widget-text-editor:not(.elementor-drop-cap-view-default) .elementor-drop-cap-letter{width:1em;height:1em}.elementor-widget-text-editor .elementor-drop-cap{float:left;text-align:center;line-height:1;font-size:50px}.elementor-widget-text-editor .elementor-drop-cap-letter{display:inline-block}<\/style>\t\t\t\t<ul><li>M\u00fc\u015fteriye sipari\u015f bilgisinin al\u0131nd\u0131\u011f\u0131 geri d\u00f6n\u00fc\u015f\u00fc yap\u0131l\u0131r,<\/li><li>Yerel depolar kontrol edilir e\u011fer \u00fcr\u00fcn mevcutsa \u00f6deme sonras\u0131 m\u00fc\u015fteriye ula\u015ft\u0131r\u0131l\u0131r.<\/li><li>E\u011fer yerel depolarda talep edilen \u00fcr\u00fcn mevcut de\u011filse, merkez depolar kontrol edilir.<\/li><li>\u00dcr\u00fcn merkez depoda mevcutsa Serjoe\u2019nun stoklar\u0131na g\u00f6nderilir ve ard\u0131ndan m\u00fc\u015fteriye iletilir.<\/li><li>E\u011fer merkez depolarda da yok ise tedarik zinciri ile merkez depolara getirilir ve oradan m\u00fc\u015fteriye iletilir.<\/li><li>Serjoe sipari\u015f s\u00fcrecinde do\u011fru planlamalar\u0131 kurar ve kritik stok seviyesini %80\u2019de tutarak \u00fcr\u00fcnlerin m\u00fc\u015fterilere zaman\u0131nda ula\u015fmas\u0131n\u0131 sa\u011flar, m\u00fc\u015fteri memnuniyetini garanti eder.<\/li><\/ul>\t\t\t\t\t\t<\/div>\n\t\t\t\t<\/div>\n\t\t\t\t\t<\/div>\n\t\t<\/div>\n\t\t\t\t<div class=\"elementor-column elementor-col-50 elementor-top-column elementor-element elementor-element-eb598e3\" data-id=\"eb598e3\" data-element_type=\"column\" data-settings=\"{&quot;background_background&quot;:&quot;classic&quot;}\">\n\t\t\t<div class=\"elementor-widget-wrap elementor-element-populated\">\n\t\t\t\t\t\t<div class=\"elementor-element elementor-element-64ab0ff elementor-widget elementor-widget-spacer\" data-id=\"64ab0ff\" data-element_type=\"widget\" data-widget_type=\"spacer.default\">\n\t\t\t\t<div class=\"elementor-widget-container\">\n\t\t\t\t\t<div class=\"elementor-spacer\">\n\t\t\t<div class=\"elementor-spacer-inner\"><\/div>\n\t\t<\/div>\n\t\t\t\t<\/div>\n\t\t\t\t<\/div>\n\t\t\t\t\t<\/div>\n\t\t<\/div>\n\t\t\t\t\t<\/div>\n\t\t<\/section>\n\t\t\t\t<section class=\"elementor-section elementor-top-section elementor-element elementor-element-4d81172 elementor-section-boxed elementor-section-height-default elementor-section-height-default\" data-id=\"4d81172\" data-element_type=\"section\">\n\t\t\t\t\t\t<div class=\"elementor-container elementor-column-gap-default\">\n\t\t\t\t\t<div class=\"elementor-column elementor-col-50 elementor-top-column elementor-element elementor-element-a12a1bd\" data-id=\"a12a1bd\" data-element_type=\"column\" data-settings=\"{&quot;background_background&quot;:&quot;classic&quot;}\">\n\t\t\t<div class=\"elementor-widget-wrap elementor-element-populated\">\n\t\t\t\t\t\t<div class=\"elementor-element elementor-element-9f3e80e elementor-widget elementor-widget-spacer\" data-id=\"9f3e80e\" data-element_type=\"widget\" data-widget_type=\"spacer.default\">\n\t\t\t\t<div class=\"elementor-widget-container\">\n\t\t\t\t\t<div class=\"elementor-spacer\">\n\t\t\t<div class=\"elementor-spacer-inner\"><\/div>\n\t\t<\/div>\n\t\t\t\t<\/div>\n\t\t\t\t<\/div>\n\t\t\t\t\t<\/div>\n\t\t<\/div>\n\t\t\t\t<div class=\"elementor-column elementor-col-50 elementor-top-column elementor-element elementor-element-a621d93\" data-id=\"a621d93\" data-element_type=\"column\" data-settings=\"{&quot;background_background&quot;:&quot;classic&quot;}\">\n\t\t\t<div class=\"elementor-widget-wrap elementor-element-populated\">\n\t\t\t\t\t\t<div class=\"elementor-element elementor-element-9ec2854 elementor-widget elementor-widget-gva-heading-block\" data-id=\"9ec2854\" data-element_type=\"widget\" data-widget_type=\"gva-heading-block.default\">\n\t\t\t\t<div class=\"elementor-widget-container\">\n\t\t\t<div class=\"gva-element-gva-heading-block gva-element\">   <div class=\"align-left style-1 widget gsc-heading box-align-center auto-responsive\">\n      <div class=\"content-inner\">\n         \n         \n         <div class=\"heading-line\"><span><\/span><span><\/span><\/div>\n           \n         \n                     <h2 class=\"title\">\n               <span>\u00c7a\u011fr\u0131 Bazl\u0131 Planlama<\/span>\n            <\/h2>\n                              <div class=\"title-desc\">\u00d6ncelikli \u00fcr\u00fcnlerin \u00e7a\u011fr\u0131 numaras\u0131 ile i\u015faretlenmesi, bu \u00fcr\u00fcnlerin depodan erken \u00e7\u0131kar\u0131lmas\u0131 ve programlanan tarihte bu \u00fcr\u00fcn\u00fcn planlanan konuma ula\u015fmas\u0131 i\u00e7in \u00fcr\u00fcnlerin raporlanmas\u0131na \u00c7a\u011fr\u0131 Bazl\u0131 Planlama ad\u0131 verilir. IT teknolojilerinde \u00fcr\u00fcnlerin hareketlerinin takibi bu planlama i\u015flemi ile ger\u00e7ekle\u015fir. Bu sistem sayesinde son kullan\u0131c\u0131lar\u0131n memnuniyetini ve i\u015f ortaklar\u0131m\u0131z\u0131n performans\u0131n\u0131 art\u0131rmak hedeflenir.<\/div>\n         \n         \n      <\/div>\n   <\/div>\n<\/div>\t\t<\/div>\n\t\t\t\t<\/div>\n\t\t\t\t<div class=\"elementor-element elementor-element-cc4fc7e elementor-widget elementor-widget-text-editor\" data-id=\"cc4fc7e\" data-element_type=\"widget\" data-widget_type=\"text-editor.default\">\n\t\t\t\t<div class=\"elementor-widget-container\">\n\t\t\t\t\t\t\t<ul><li>\u00c7a\u011fr\u0131 numaralar\u0131 m\u00fc\u015fteri taraf\u0131ndan bize g\u00fcnl\u00fck olarak iletilir, g\u00fcmr\u00fc\u011fe gelen \u00fcr\u00fcnlerle e\u015fle\u015ftirilmesi yap\u0131l\u0131r.<\/li><li>En eski olan \u00e7a\u011fr\u0131 numaras\u0131, sistemimiz sayesinde en \u00f6nce g\u00fcmr\u00fcklenir ve depoya teslimi i\u00e7in gerekli lojistik destek sa\u011flan\u0131r.<\/li><li>Bu konuda tecr\u00fcbeli kadromuz sayesinde hatalar\u0131n ve gecikmelerin \u00f6n\u00fcne ge\u00e7ilir.<\/li><li>M\u00fc\u015fterinin istedi\u011fi \u00fcr\u00fcn istedi\u011fi an istedi\u011fi yerde olur, m\u00fc\u015fteri memnuniyeti sa\u011flan\u0131r.<\/li><li>\u015eirketimiz, m\u00fc\u015fterilerimize kendi i\u015flemlerini kendi bak\u0131\u015flar\u0131yla takip edebilmeleri i\u00e7in \u00e7a\u011fr\u0131 numaras\u0131n\u0131 temel alan bir sistem geli\u015ftirmi\u015ftir.<\/li><\/ul>\t\t\t\t\t\t<\/div>\n\t\t\t\t<\/div>\n\t\t\t\t\t<\/div>\n\t\t<\/div>\n\t\t\t\t\t<\/div>\n\t\t<\/section>\n\t\t\t\t<section class=\"elementor-section elementor-top-section elementor-element elementor-element-c4f85ec elementor-section-boxed elementor-section-height-default elementor-section-height-default\" data-id=\"c4f85ec\" data-element_type=\"section\">\n\t\t\t\t\t\t<div class=\"elementor-container elementor-column-gap-default\">\n\t\t\t\t\t<div class=\"elementor-column elementor-col-50 elementor-top-column elementor-element elementor-element-eb3c721\" data-id=\"eb3c721\" data-element_type=\"column\" data-settings=\"{&quot;background_background&quot;:&quot;classic&quot;}\">\n\t\t\t<div class=\"elementor-widget-wrap elementor-element-populated\">\n\t\t\t\t\t\t<div class=\"elementor-element elementor-element-1c45426 elementor-widget elementor-widget-gva-heading-block\" data-id=\"1c45426\" data-element_type=\"widget\" data-widget_type=\"gva-heading-block.default\">\n\t\t\t\t<div class=\"elementor-widget-container\">\n\t\t\t<div class=\"gva-element-gva-heading-block gva-element\">   <div class=\"align-left style-1 widget gsc-heading box-align-center auto-responsive\">\n      <div class=\"content-inner\">\n         \n         \n         <div class=\"heading-line\"><span><\/span><span><\/span><\/div>\n           \n         \n                     <h2 class=\"title\">\n               <span>Katma De\u011feri<\/span>\n            <\/h2>\n                              <div class=\"title-desc\">Serjoe;<\/div>\n         \n         \n      <\/div>\n   <\/div>\n<\/div>\t\t<\/div>\n\t\t\t\t<\/div>\n\t\t\t\t<div class=\"elementor-element elementor-element-f762268 elementor-widget elementor-widget-text-editor\" data-id=\"f762268\" data-element_type=\"widget\" data-widget_type=\"text-editor.default\">\n\t\t\t\t<div class=\"elementor-widget-container\">\n\t\t\t\t\t\t\t<ul><li>Kullan\u0131c\u0131 dostu web aray\u00fcz\u00fc ile sat\u0131n alma i\u015flemlerinde son t\u00fcketici i\u00e7in kolayl\u0131k sa\u011flar.<\/li><li>Farkl\u0131 sat\u0131\u015f kanallar\u0131 i\u00e7in farkl\u0131 fiyatland\u0131rma, promosyon ve ileti\u015fim stratejileri geli\u015ftirir.<\/li><li>Geni\u015f tedarik zinciri a\u011f\u0131yla nadir bulunan ya da ya\u015f\u0131 ge\u00e7mi\u015f par\u00e7alar\u0131 tedarik etmekte zorlanmaz.<\/li><li>Asla m\u00fc\u015fteriye stokta bulunmuyor geri d\u00f6n\u00fc\u015f\u00fc yapmaz.<\/li><li>Sat\u0131\u015f sonras\u0131 m\u00fc\u015fteri ile ba\u011flant\u0131 kurarak de\u011ferlendirmeler yapar.<\/li><li>H\u0131zl\u0131 geri d\u00f6n\u00fc\u015f a\u011f\u0131 ile m\u00fc\u015fteri memnuniyetini her \u015feyin \u00fczerinde tutar.<\/li><\/ul>\t\t\t\t\t\t<\/div>\n\t\t\t\t<\/div>\n\t\t\t\t\t<\/div>\n\t\t<\/div>\n\t\t\t\t<div class=\"elementor-column elementor-col-50 elementor-top-column elementor-element elementor-element-bbd7962\" data-id=\"bbd7962\" data-element_type=\"column\" data-settings=\"{&quot;background_background&quot;:&quot;classic&quot;}\">\n\t\t\t<div class=\"elementor-widget-wrap elementor-element-populated\">\n\t\t\t\t\t\t<div class=\"elementor-element elementor-element-e322fb5 elementor-widget elementor-widget-spacer\" data-id=\"e322fb5\" data-element_type=\"widget\" data-widget_type=\"spacer.default\">\n\t\t\t\t<div class=\"elementor-widget-container\">\n\t\t\t\t\t<div class=\"elementor-spacer\">\n\t\t\t<div class=\"elementor-spacer-inner\"><\/div>\n\t\t<\/div>\n\t\t\t\t<\/div>\n\t\t\t\t<\/div>\n\t\t\t\t\t<\/div>\n\t\t<\/div>\n\t\t\t\t\t<\/div>\n\t\t<\/section>\n\t\t\t\t<section class=\"elementor-section elementor-top-section elementor-element elementor-element-b2a07bc elementor-section-boxed elementor-section-height-default elementor-section-height-default\" data-id=\"b2a07bc\" data-element_type=\"section\">\n\t\t\t\t\t\t<div class=\"elementor-container elementor-column-gap-default\">\n\t\t\t\t\t<div class=\"elementor-column elementor-col-50 elementor-top-column elementor-element elementor-element-0e9c820\" data-id=\"0e9c820\" data-element_type=\"column\" data-settings=\"{&quot;background_background&quot;:&quot;classic&quot;}\">\n\t\t\t<div class=\"elementor-widget-wrap elementor-element-populated\">\n\t\t\t\t\t\t<div class=\"elementor-element elementor-element-1942c74 elementor-widget elementor-widget-spacer\" data-id=\"1942c74\" data-element_type=\"widget\" data-widget_type=\"spacer.default\">\n\t\t\t\t<div class=\"elementor-widget-container\">\n\t\t\t\t\t<div class=\"elementor-spacer\">\n\t\t\t<div class=\"elementor-spacer-inner\"><\/div>\n\t\t<\/div>\n\t\t\t\t<\/div>\n\t\t\t\t<\/div>\n\t\t\t\t\t<\/div>\n\t\t<\/div>\n\t\t\t\t<div class=\"elementor-column elementor-col-50 elementor-top-column elementor-element elementor-element-b02ea74\" data-id=\"b02ea74\" data-element_type=\"column\" data-settings=\"{&quot;background_background&quot;:&quot;classic&quot;}\">\n\t\t\t<div class=\"elementor-widget-wrap elementor-element-populated\">\n\t\t\t\t\t\t<div class=\"elementor-element elementor-element-5aca1d6 elementor-widget elementor-widget-gva-heading-block\" data-id=\"5aca1d6\" data-element_type=\"widget\" data-widget_type=\"gva-heading-block.default\">\n\t\t\t\t<div class=\"elementor-widget-container\">\n\t\t\t<div class=\"gva-element-gva-heading-block gva-element\">   <div class=\"align-left style-1 widget gsc-heading box-align-center auto-responsive\">\n      <div class=\"content-inner\">\n         \n         \n         <div class=\"heading-line\"><span><\/span><span><\/span><\/div>\n           \n         \n                     <h2 class=\"title\">\n               <span>Depo Y\u00f6netimi<\/span>\n            <\/h2>\n                              <div class=\"title-desc\">Depo ve da\u011f\u0131t\u0131m i\u015flemlerinde gerekli stok, ekipman, i\u015fg\u00fcc\u00fc kaynaklar\u0131 ve lojistik s\u00fcre\u00e7lerinin y\u00f6netilmesine Depo Y\u00f6netim Sistemi ad\u0131 verilir. \u015eirketimiz stoklardaki \u00fcr\u00fcnlerin ekipman, i\u015fg\u00fcc\u00fc ve y\u00f6netimini sa\u011flar. \u00d6ncelikli \u00fcr\u00fcnlerin i\u015faretlenmesi, bu \u00fcr\u00fcnlerin depodan erken \u00e7\u0131kar\u0131lmas\u0131 ve programlanan tarihte bu \u00fcr\u00fcn\u00fcn planlanan konuma ula\u015fmas\u0131 i\u00e7in s\u00fcrecin y\u00f6netimini yapar.<\/div>\n         \n         \n      <\/div>\n   <\/div>\n<\/div>\t\t<\/div>\n\t\t\t\t<\/div>\n\t\t\t\t\t<\/div>\n\t\t<\/div>\n\t\t\t\t\t<\/div>\n\t\t<\/section>\n\t\t\t\t<\/div>\n\t\t","protected":false},"excerpt":{"rendered":"<p>Online Par\u00e7a Sat\u0131\u015f\u0131 Home Sayfa Online Par\u00e7a Sat\u0131\u015f\u0131 Serjoe, i\u015f ortaklar\u0131n\u0131n ihtiya\u00e7lar\u0131n\u0131 ve pazar\u0131n beklentilerini sekt\u00f6r deneyiminin verdi\u011fi yetkinlikle derinlemesine analiz eder. Analizlerin \u00e7\u0131kt\u0131lar\u0131na dayanarak partnerine \u00f6zel web sitesi tasar\u0131m\u0131 [&hellip;]<\/p>\n","protected":false},"author":1,"featured_media":0,"parent":0,"menu_order":0,"comment_status":"closed","ping_status":"closed","template":"","meta":{"footnotes":""},"_links":{"self":[{"href":"https:\/\/serjoe.com\/index.php\/wp-json\/wp\/v2\/pages\/2216"}],"collection":[{"href":"https:\/\/serjoe.com\/index.php\/wp-json\/wp\/v2\/pages"}],"about":[{"href":"https:\/\/serjoe.com\/index.php\/wp-json\/wp\/v2\/types\/page"}],"author":[{"embeddable":true,"href":"https:\/\/serjoe.com\/index.php\/wp-json\/wp\/v2\/users\/1"}],"replies":[{"embeddable":true,"href":"https:\/\/serjoe.com\/index.php\/wp-json\/wp\/v2\/comments?post=2216"}],"version-history":[{"count":32,"href":"https:\/\/serjoe.com\/index.php\/wp-json\/wp\/v2\/pages\/2216\/revisions"}],"predecessor-version":[{"id":3219,"href":"https:\/\/serjoe.com\/index.php\/wp-json\/wp\/v2\/pages\/2216\/revisions\/3219"}],"wp:attachment":[{"href":"https:\/\/serjoe.com\/index.php\/wp-json\/wp\/v2\/media?parent=2216"}],"curies":[{"name":"wp","href":"https:\/\/api.w.org\/{rel}","templated":true}]}}