{"id":2159,"date":"2023-01-29T22:22:29","date_gmt":"2023-01-29T19:22:29","guid":{"rendered":"https:\/\/serjoe.com\/?page_id=2159"},"modified":"2023-02-10T09:59:25","modified_gmt":"2023-02-10T06:59:25","slug":"surec","status":"publish","type":"page","link":"https:\/\/serjoe.com\/index.php\/surec\/","title":{"rendered":"S\u00fcre\u00e7"},"content":{"rendered":"\t\t<div data-elementor-type=\"wp-page\" data-elementor-id=\"2159\" class=\"elementor elementor-2159\">\n\t\t\t\t\t\t<section class=\"elementor-section elementor-top-section elementor-element elementor-element-7ece692f elementor-section-full_width elementor-section-height-default elementor-section-height-default\" data-id=\"7ece692f\" data-element_type=\"section\">\n\t\t\t\t\t\t<div class=\"elementor-container elementor-column-gap-default\">\n\t\t\t\t\t<div class=\"elementor-column elementor-col-100 elementor-top-column elementor-element elementor-element-215893c0\" data-id=\"215893c0\" data-element_type=\"column\">\n\t\t\t<div class=\"elementor-widget-wrap elementor-element-populated\">\n\t\t\t\t\t\t<div class=\"elementor-element elementor-element-5ec03e76 titlebeyaz elementor-widget elementor-widget-gva_post_breadcrumb\" data-id=\"5ec03e76\" data-element_type=\"widget\" data-widget_type=\"gva_post_breadcrumb.default\">\n\t\t\t\t<div class=\"elementor-widget-container\">\n\t\t\t<div class=\"gva-element-gva_post_breadcrumb gva-element\">   \n<div class=\"post-breadcrumb\">\n   <div class=\"custom-breadcrumb \" >\n            <div class=\"breadcrumb-main\">\n        <div class=\"container\">\n          <div class=\"breadcrumb-container-inner\">\n            <h2 class=\"heading-title\">S\u00fcre\u00e7<\/h2><ol class=\"breadcrumb\"><li><a href=\"https:\/\/serjoe.com\">Home<\/a> <\/li> <li class=\"active\">Sayfa<\/li><\/ol>          <\/div>  \n        <\/div>   \n      <\/div>  \n   <\/div>\n<\/div>      \n\n<\/div>\t\t<\/div>\n\t\t\t\t<\/div>\n\t\t\t\t\t<\/div>\n\t\t<\/div>\n\t\t\t\t\t<\/div>\n\t\t<\/section>\n\t\t\t\t<section class=\"elementor-section elementor-top-section elementor-element elementor-element-0b7324b elementor-section-boxed elementor-section-height-default elementor-section-height-default\" data-id=\"0b7324b\" data-element_type=\"section\">\n\t\t\t\t\t\t<div class=\"elementor-container elementor-column-gap-default\">\n\t\t\t\t\t<div class=\"elementor-column elementor-col-50 elementor-top-column elementor-element elementor-element-94eee00\" data-id=\"94eee00\" data-element_type=\"column\" data-settings=\"{&quot;background_background&quot;:&quot;classic&quot;}\">\n\t\t\t<div class=\"elementor-widget-wrap elementor-element-populated\">\n\t\t\t\t\t\t<div class=\"elementor-element elementor-element-b85caa6 elementor-widget elementor-widget-gva-heading-block\" data-id=\"b85caa6\" data-element_type=\"widget\" data-widget_type=\"gva-heading-block.default\">\n\t\t\t\t<div class=\"elementor-widget-container\">\n\t\t\t<div class=\"gva-element-gva-heading-block gva-element\">   <div class=\"align-left style-1 widget gsc-heading box-align-center auto-responsive\">\n      <div class=\"content-inner\">\n         \n         \n         <div class=\"heading-line\"><span><\/span><span><\/span><\/div>\n           \n         \n                     <h2 class=\"title\">\n               <span>S\u00fcre\u00e7lerimiz<\/span>\n            <\/h2>\n                              <div class=\"title-desc\">\u0130lk ad\u0131m, Serjoe'nun m\u00fc\u015fteriyi ve herhangi bir anla\u015fman\u0131n kapsad\u0131\u011f\u0131 mallar\u0131 daha iyi anlamas\u0131na olanak tan\u0131r. Ayr\u0131ca, g\u00fcmr\u00fck vergisi\/vergi oranlar\u0131, ithalat k\u0131s\u0131tlamalar\u0131, izin gereklilikleri gibi konular\u0131 ve yetkililer ile m\u00fc\u015fteri veya onlar\u0131n acenteleri\/ba\u011fl\u0131 kurulu\u015flar\u0131 aras\u0131nda ortaya \u00e7\u0131km\u0131\u015f olabilecek ge\u00e7mi\u015f sorunlar\u0131 incelememize olanak tan\u0131r.\n\nBu, risk y\u00f6netimi s\u00fcrecimizde hayati bir ad\u0131md\u0131r ve ayn\u0131 zamanda \u00fccret yap\u0131s\u0131n\u0131n olu\u015fturulmas\u0131na do\u011frudan katk\u0131 sa\u011flar.\nBu a\u015famayla e\u015fzamanl\u0131 olarak m\u00fc\u015fteri, SERJOE taraf\u0131ndan geli\u015ftirilen standart s\u00f6zle\u015fme d\u00fczenlemelerini g\u00f6zden ge\u00e7irecektir.\n<\/div>\n         \n         \n      <\/div>\n   <\/div>\n<\/div>\t\t<\/div>\n\t\t\t\t<\/div>\n\t\t\t\t\t<\/div>\n\t\t<\/div>\n\t\t\t\t<div class=\"elementor-column elementor-col-50 elementor-top-column elementor-element elementor-element-eb598e3\" data-id=\"eb598e3\" data-element_type=\"column\" data-settings=\"{&quot;background_background&quot;:&quot;classic&quot;}\">\n\t\t\t<div class=\"elementor-widget-wrap elementor-element-populated\">\n\t\t\t\t\t\t<div class=\"elementor-element elementor-element-64ab0ff elementor-widget elementor-widget-spacer\" data-id=\"64ab0ff\" data-element_type=\"widget\" data-widget_type=\"spacer.default\">\n\t\t\t\t<div class=\"elementor-widget-container\">\n\t\t\t<style>\/*! elementor - v3.19.0 - 29-01-2024 *\/\n.elementor-column .elementor-spacer-inner{height:var(--spacer-size)}.e-con{--container-widget-width:100%}.e-con-inner>.elementor-widget-spacer,.e-con>.elementor-widget-spacer{width:var(--container-widget-width,var(--spacer-size));--align-self:var(--container-widget-align-self,initial);--flex-shrink:0}.e-con-inner>.elementor-widget-spacer>.elementor-widget-container,.e-con>.elementor-widget-spacer>.elementor-widget-container{height:100%;width:100%}.e-con-inner>.elementor-widget-spacer>.elementor-widget-container>.elementor-spacer,.e-con>.elementor-widget-spacer>.elementor-widget-container>.elementor-spacer{height:100%}.e-con-inner>.elementor-widget-spacer>.elementor-widget-container>.elementor-spacer>.elementor-spacer-inner,.e-con>.elementor-widget-spacer>.elementor-widget-container>.elementor-spacer>.elementor-spacer-inner{height:var(--container-widget-height,var(--spacer-size))}.e-con-inner>.elementor-widget-spacer.elementor-widget-empty,.e-con>.elementor-widget-spacer.elementor-widget-empty{position:relative;min-height:22px;min-width:22px}.e-con-inner>.elementor-widget-spacer.elementor-widget-empty .elementor-widget-empty-icon,.e-con>.elementor-widget-spacer.elementor-widget-empty .elementor-widget-empty-icon{position:absolute;top:0;bottom:0;left:0;right:0;margin:auto;padding:0;width:22px;height:22px}<\/style>\t\t<div class=\"elementor-spacer\">\n\t\t\t<div class=\"elementor-spacer-inner\"><\/div>\n\t\t<\/div>\n\t\t\t\t<\/div>\n\t\t\t\t<\/div>\n\t\t\t\t\t<\/div>\n\t\t<\/div>\n\t\t\t\t\t<\/div>\n\t\t<\/section>\n\t\t\t\t<section class=\"elementor-section elementor-top-section elementor-element elementor-element-b2a07bc elementor-section-boxed elementor-section-height-default elementor-section-height-default\" data-id=\"b2a07bc\" data-element_type=\"section\">\n\t\t\t\t\t\t<div class=\"elementor-container elementor-column-gap-default\">\n\t\t\t\t\t<div class=\"elementor-column elementor-col-50 elementor-top-column elementor-element elementor-element-0e9c820\" data-id=\"0e9c820\" data-element_type=\"column\" data-settings=\"{&quot;background_background&quot;:&quot;classic&quot;}\">\n\t\t\t<div class=\"elementor-widget-wrap elementor-element-populated\">\n\t\t\t\t\t\t<div class=\"elementor-element elementor-element-1942c74 elementor-widget elementor-widget-spacer\" data-id=\"1942c74\" data-element_type=\"widget\" data-widget_type=\"spacer.default\">\n\t\t\t\t<div class=\"elementor-widget-container\">\n\t\t\t\t\t<div class=\"elementor-spacer\">\n\t\t\t<div class=\"elementor-spacer-inner\"><\/div>\n\t\t<\/div>\n\t\t\t\t<\/div>\n\t\t\t\t<\/div>\n\t\t\t\t\t<\/div>\n\t\t<\/div>\n\t\t\t\t<div class=\"elementor-column elementor-col-50 elementor-top-column elementor-element elementor-element-b02ea74\" data-id=\"b02ea74\" data-element_type=\"column\" data-settings=\"{&quot;background_background&quot;:&quot;classic&quot;}\">\n\t\t\t<div class=\"elementor-widget-wrap elementor-element-populated\">\n\t\t\t\t\t\t<div class=\"elementor-element elementor-element-7a81a0a elementor-widget elementor-widget-gva-heading-block\" data-id=\"7a81a0a\" data-element_type=\"widget\" data-widget_type=\"gva-heading-block.default\">\n\t\t\t\t<div class=\"elementor-widget-container\">\n\t\t\t<div class=\"gva-element-gva-heading-block gva-element\">   <div class=\"align-left style-1 widget gsc-heading box-align-center auto-responsive\">\n      <div class=\"content-inner\">\n         \n         \n         <div class=\"heading-line\"><span><\/span><span><\/span><\/div>\n           \n         \n                              <div class=\"title-desc\">SERJOE, faturalama ve raporlama gibi konular da dahil olmak \u00fczere hizmetin sa\u011flanmas\u0131na y\u00f6nelik eksiksiz bir s\u00fcre\u00e7 geli\u015ftirmek i\u00e7in m\u00fc\u015fteri, nakliye sa\u011flay\u0131c\u0131s\u0131 ve g\u00fcmr\u00fck acentesi ile birlikte \u00e7al\u0131\u015facakt\u0131r. Gerekti\u011finde SERJOE, m\u00fc\u015fteri ihtiya\u00e7lar\u0131n\u0131 kar\u015f\u0131lamak i\u00e7in nakliye ve lojistik sa\u011flay\u0131c\u0131lar\u0131n belirlenmesine \/ tedarik edilmesine yard\u0131mc\u0131 olabilir.\nSERJOE daha sonra m\u00fc\u015fteriyle fiyatland\u0131rma tart\u0131\u015fmalar\u0131n\u0131 sonu\u00e7land\u0131racak ve de\u011ferlendirilmek \u00fczere \u00f6nerilen bir s\u00f6zle\u015fme de dahil olmak \u00fczere m\u00fc\u015fteriye nihai bir IOR teklifi iletilecektir.\n<br>Kabul edilirse, m\u00fc\u015fteri ticarete ba\u015flar...\n<\/div>\n         \n         \n      <\/div>\n   <\/div>\n<\/div>\t\t<\/div>\n\t\t\t\t<\/div>\n\t\t\t\t\t<\/div>\n\t\t<\/div>\n\t\t\t\t\t<\/div>\n\t\t<\/section>\n\t\t\t\t<section class=\"elementor-section elementor-top-section elementor-element elementor-element-78786f6 elementor-section-boxed elementor-section-height-default elementor-section-height-default\" data-id=\"78786f6\" data-element_type=\"section\">\n\t\t\t\t\t\t<div class=\"elementor-container elementor-column-gap-default\">\n\t\t\t\t\t<div class=\"elementor-column elementor-col-100 elementor-top-column elementor-element elementor-element-0e8a37b\" data-id=\"0e8a37b\" data-element_type=\"column\">\n\t\t\t<div class=\"elementor-widget-wrap\">\n\t\t\t\t\t\t\t<\/div>\n\t\t<\/div>\n\t\t\t\t\t<\/div>\n\t\t<\/section>\n\t\t\t\t<section class=\"elementor-section elementor-top-section elementor-element elementor-element-43606d4f elementor-section-boxed elementor-section-height-default elementor-section-height-default\" data-id=\"43606d4f\" data-element_type=\"section\">\n\t\t\t\t\t\t<div class=\"elementor-container elementor-column-gap-default\">\n\t\t\t\t\t<div class=\"elementor-column elementor-col-100 elementor-top-column elementor-element elementor-element-27ed5be7\" data-id=\"27ed5be7\" data-element_type=\"column\">\n\t\t\t<div class=\"elementor-widget-wrap elementor-element-populated\">\n\t\t\t\t\t\t<div class=\"elementor-element elementor-element-7f0755e3 elementor-widget elementor-widget-gva-heading-block\" data-id=\"7f0755e3\" data-element_type=\"widget\" data-widget_type=\"gva-heading-block.default\">\n\t\t\t\t<div class=\"elementor-widget-container\">\n\t\t\t<div class=\"gva-element-gva-heading-block gva-element\">   <div class=\"align-center style-1 widget gsc-heading box-align-center auto-responsive\">\n      <div class=\"content-inner\">\n         \n         \n         <div class=\"heading-line\"><span><\/span><span><\/span><\/div>\n           \n         \n                     <h2 class=\"title\">\n               <span>Nas\u0131l bir araya geliriz?<\/span>\n            <\/h2>\n                  \n         \n      <\/div>\n   <\/div>\n<\/div>\t\t<\/div>\n\t\t\t\t<\/div>\n\t\t\t\t<div class=\"elementor-element elementor-element-57791dd6 elementor-hidden-tablet elementor-hidden-mobile elementor-widget elementor-widget-image\" data-id=\"57791dd6\" data-element_type=\"widget\" data-widget_type=\"image.default\">\n\t\t\t\t<div class=\"elementor-widget-container\">\n\t\t\t<style>\/*! elementor - v3.19.0 - 29-01-2024 *\/\n.elementor-widget-image{text-align:center}.elementor-widget-image a{display:inline-block}.elementor-widget-image a img[src$=\".svg\"]{width:48px}.elementor-widget-image img{vertical-align:middle;display:inline-block}<\/style>\t\t\t\t\t\t\t\t\t\t<img fetchpriority=\"high\" decoding=\"async\" width=\"1174\" height=\"353\" src=\"https:\/\/serjoe.com\/wp-content\/uploads\/2023\/02\/4.png\" class=\"attachment-full size-full wp-image-2642\" alt=\"\" srcset=\"https:\/\/serjoe.com\/wp-content\/uploads\/2023\/02\/4.png 1174w, https:\/\/serjoe.com\/wp-content\/uploads\/2023\/02\/4-1024x308.png 1024w, https:\/\/serjoe.com\/wp-content\/uploads\/2023\/02\/4-768x231.png 768w, https:\/\/serjoe.com\/wp-content\/uploads\/2023\/02\/4-600x180.png 600w\" sizes=\"(max-width: 1174px) 100vw, 1174px\" \/>\t\t\t\t\t\t\t\t\t\t\t\t\t<\/div>\n\t\t\t\t<\/div>\n\t\t\t\t<div class=\"elementor-element elementor-element-e2439a6 elementor-hidden-desktop elementor-widget elementor-widget-image\" data-id=\"e2439a6\" data-element_type=\"widget\" data-widget_type=\"image.default\">\n\t\t\t\t<div class=\"elementor-widget-container\">\n\t\t\t\t\t\t\t\t\t\t\t\t\t<img decoding=\"async\" width=\"401\" height=\"352\" src=\"https:\/\/serjoe.com\/wp-content\/uploads\/2023\/02\/2.png\" class=\"attachment-full size-full wp-image-2643\" alt=\"\" \/>\t\t\t\t\t\t\t\t\t\t\t\t\t<\/div>\n\t\t\t\t<\/div>\n\t\t\t\t\t<\/div>\n\t\t<\/div>\n\t\t\t\t\t<\/div>\n\t\t<\/section>\n\t\t\t\t<\/div>\n\t\t","protected":false},"excerpt":{"rendered":"<p>S\u00fcre\u00e7 Home Page S\u00fcre\u00e7lerimiz \u0130lk ad\u0131m, Serjoe&#8217;nun m\u00fc\u015fteriyi ve herhangi bir anla\u015fman\u0131n kapsad\u0131\u011f\u0131 mallar\u0131 daha iyi anlamas\u0131na olanak tan\u0131r. Ayr\u0131ca, g\u00fcmr\u00fck vergisi\/vergi oranlar\u0131, ithalat k\u0131s\u0131tlamalar\u0131, izin gereklilikleri gibi konular\u0131 ve [&hellip;]<\/p>\n","protected":false},"author":1,"featured_media":0,"parent":0,"menu_order":0,"comment_status":"closed","ping_status":"closed","template":"","meta":{"footnotes":""},"_links":{"self":[{"href":"https:\/\/serjoe.com\/index.php\/wp-json\/wp\/v2\/pages\/2159"}],"collection":[{"href":"https:\/\/serjoe.com\/index.php\/wp-json\/wp\/v2\/pages"}],"about":[{"href":"https:\/\/serjoe.com\/index.php\/wp-json\/wp\/v2\/types\/page"}],"author":[{"embeddable":true,"href":"https:\/\/serjoe.com\/index.php\/wp-json\/wp\/v2\/users\/1"}],"replies":[{"embeddable":true,"href":"https:\/\/serjoe.com\/index.php\/wp-json\/wp\/v2\/comments?post=2159"}],"version-history":[{"count":16,"href":"https:\/\/serjoe.com\/index.php\/wp-json\/wp\/v2\/pages\/2159\/revisions"}],"predecessor-version":[{"id":2646,"href":"https:\/\/serjoe.com\/index.php\/wp-json\/wp\/v2\/pages\/2159\/revisions\/2646"}],"wp:attachment":[{"href":"https:\/\/serjoe.com\/index.php\/wp-json\/wp\/v2\/media?parent=2159"}],"curies":[{"name":"wp","href":"https:\/\/api.w.org\/{rel}","templated":true}]}}