{"id":2157,"date":"2023-01-29T22:21:41","date_gmt":"2023-01-29T19:21:41","guid":{"rendered":"https:\/\/serjoe.com\/?page_id=2157"},"modified":"2023-03-27T10:41:15","modified_gmt":"2023-03-27T07:41:15","slug":"hikayemiz","status":"publish","type":"page","link":"https:\/\/serjoe.com\/index.php\/hikayemiz\/","title":{"rendered":"Hikayemiz"},"content":{"rendered":"\t\t<div data-elementor-type=\"wp-page\" data-elementor-id=\"2157\" class=\"elementor elementor-2157\">\n\t\t\t\t\t\t<section class=\"elementor-section elementor-top-section elementor-element elementor-element-bd3c457 elementor-section-boxed elementor-section-height-default elementor-section-height-default\" data-id=\"bd3c457\" data-element_type=\"section\" data-settings=\"{&quot;background_background&quot;:&quot;classic&quot;}\">\n\t\t\t\t\t\t<div class=\"elementor-container elementor-column-gap-default\">\n\t\t\t\t\t<div class=\"elementor-column elementor-col-100 elementor-top-column elementor-element elementor-element-b2bb5a3\" data-id=\"b2bb5a3\" data-element_type=\"column\" data-settings=\"{&quot;background_background&quot;:&quot;classic&quot;}\">\n\t\t\t<div class=\"elementor-widget-wrap elementor-element-populated\">\n\t\t\t\t\t\t<div class=\"elementor-element elementor-element-11f4103 elementor-widget elementor-widget-gva-heading-block\" data-id=\"11f4103\" data-element_type=\"widget\" data-widget_type=\"gva-heading-block.default\">\n\t\t\t\t<div class=\"elementor-widget-container\">\n\t\t\t<div class=\"gva-element-gva-heading-block gva-element\">   <div class=\"align-center style-1 widget gsc-heading box-align-left auto-responsive\">\n      <div class=\"content-inner\">\n         \n         \n         \n           \n         \n                     <h2 class=\"title\">\n               <span>Hikayemiz<\/span>\n            <\/h2>\n                              <div class=\"title-desc\">her i\u015fletme i\u00e7in dan\u0131\u015fmanl\u0131k<\/div>\n         \n         \n      <\/div>\n   <\/div>\n<\/div>\t\t<\/div>\n\t\t\t\t<\/div>\n\t\t\t\t\t<\/div>\n\t\t<\/div>\n\t\t\t\t\t<\/div>\n\t\t<\/section>\n\t\t\t\t<section class=\"elementor-section elementor-top-section elementor-element elementor-element-cfe9709 baslik-ortala-mobil elementor-section-boxed elementor-section-height-default elementor-section-height-default\" data-id=\"cfe9709\" data-element_type=\"section\">\n\t\t\t\t\t\t<div class=\"elementor-container elementor-column-gap-default\">\n\t\t\t\t\t<div class=\"elementor-column elementor-col-50 elementor-top-column elementor-element elementor-element-b600727\" data-id=\"b600727\" data-element_type=\"column\">\n\t\t\t<div class=\"elementor-widget-wrap elementor-element-populated\">\n\t\t\t\t\t\t<div class=\"elementor-element elementor-element-3ce9dddb elementor-widget elementor-widget-gva-heading-block\" data-id=\"3ce9dddb\" data-element_type=\"widget\" data-widget_type=\"gva-heading-block.default\">\n\t\t\t\t<div class=\"elementor-widget-container\">\n\t\t\t<div class=\"gva-element-gva-heading-block gva-element\">   <div class=\"align-left style-1 widget gsc-heading box-align-center auto-responsive\">\n      <div class=\"content-inner\">\n         \n         \n         <div class=\"heading-line\"><span><\/span><span><\/span><\/div>\n                     <div class=\"sub-title\">\n               <span class=\"tagline\">bizi tan\u0131y\u0131n<\/span> \n            <\/div>\n           \n         \n                     <h2 class=\"title\">\n               <span>Biz Kimiz<\/span>\n            <\/h2>\n                              <div class=\"title-desc\">T\u00fcrkiye\u2019de lojistik ve tedarik zinciri dan\u0131\u015fmanl\u0131\u011f\u0131n\u0131n birbirinden ba\u011f\u0131ms\u0131z \u00e7al\u0131\u015fmas\u0131n\u0131n, ithalat ve ihracatta de\u011fer kayb\u0131na yol a\u00e7t\u0131\u011f\u0131n\u0131 fark etmekteydik.1955 y\u0131l\u0131ndan bu yana edindi\u011fimiz lojistik, ithalat ve ihracat tecr\u00fcbemiz ve organizasyon y\u00f6netimi kabiliyetimiz ile 2007 y\u0131l\u0131nda Serjoe\u2019yu kurduk.<\/div>\n         \n         \n      <\/div>\n   <\/div>\n<\/div>\t\t<\/div>\n\t\t\t\t<\/div>\n\t\t\t\t<div class=\"elementor-element elementor-element-f4cbfa2 elementor-position-left icon-box-left elementor-view-default elementor-mobile-position-top elementor-vertical-align-top elementor-widget elementor-widget-icon-box\" data-id=\"f4cbfa2\" data-element_type=\"widget\" data-widget_type=\"icon-box.default\">\n\t\t\t\t<div class=\"elementor-widget-container\">\n\t\t\t<link rel=\"stylesheet\" href=\"https:\/\/serjoe.com\/wp-content\/plugins\/elementor\/assets\/css\/widget-icon-box.min.css\">\t\t<div class=\"elementor-icon-box-wrapper\">\n\t\t\t\t\t\t<div class=\"elementor-icon-box-icon\">\n\t\t\t\t<span  class=\"elementor-icon elementor-animation-\">\n\t\t\t\t<i aria-hidden=\"true\" class=\" icon-conult-analysis\"><\/i>\t\t\t\t<\/span>\n\t\t\t<\/div>\n\t\t\t\t\t\t<div class=\"elementor-icon-box-content\">\n\t\t\t\t<h3 class=\"elementor-icon-box-title\">\n\t\t\t\t\t<span  >\n\t\t\t\t\t\t\u00c7\u00f6z\u00fcm odakl\u0131 olmak\t\t\t\t\t<\/span>\n\t\t\t\t<\/h3>\n\t\t\t\t\t\t\t\t\t<p class=\"elementor-icon-box-description\">\n\t\t\t\t\t\tT\u00fcm sorunlar\u0131 \u00e7\u00f6zmek i\u00e7in var\u0131z.\t\t\t\t\t<\/p>\n\t\t\t\t\t\t\t<\/div>\n\t\t<\/div>\n\t\t\t\t<\/div>\n\t\t\t\t<\/div>\n\t\t\t\t<div class=\"elementor-element elementor-element-b9b5011 elementor-position-left icon-box-left elementor-view-default elementor-mobile-position-top elementor-vertical-align-top elementor-widget elementor-widget-icon-box\" data-id=\"b9b5011\" data-element_type=\"widget\" data-widget_type=\"icon-box.default\">\n\t\t\t\t<div class=\"elementor-widget-container\">\n\t\t\t\t\t<div class=\"elementor-icon-box-wrapper\">\n\t\t\t\t\t\t<div class=\"elementor-icon-box-icon\">\n\t\t\t\t<span  class=\"elementor-icon elementor-animation-\">\n\t\t\t\t<i aria-hidden=\"true\" class=\" flaticon-mission\"><\/i>\t\t\t\t<\/span>\n\t\t\t<\/div>\n\t\t\t\t\t\t<div class=\"elementor-icon-box-content\">\n\t\t\t\t<h3 class=\"elementor-icon-box-title\">\n\t\t\t\t\t<span  >\n\t\t\t\t\t\tHedeflerinize ula\u015fman\u0131z\u0131 sa\u011flar\t\t\t\t\t<\/span>\n\t\t\t\t<\/h3>\n\t\t\t\t\t\t\t\t\t<p class=\"elementor-icon-box-description\">\n\t\t\t\t\t\tSizi hedeflerinize ula\u015ft\u0131rmak bizim i\u015fimiz.\t\t\t\t\t<\/p>\n\t\t\t\t\t\t\t<\/div>\n\t\t<\/div>\n\t\t\t\t<\/div>\n\t\t\t\t<\/div>\n\t\t\t\t\t<\/div>\n\t\t<\/div>\n\t\t\t\t<div class=\"elementor-column elementor-col-50 elementor-top-column elementor-element elementor-element-bdc7059\" data-id=\"bdc7059\" data-element_type=\"column\">\n\t\t\t<div class=\"elementor-widget-wrap elementor-element-populated\">\n\t\t\t\t\t\t<div class=\"elementor-element elementor-element-c8d5d81 elementor-widget elementor-widget-image\" data-id=\"c8d5d81\" data-element_type=\"widget\" data-widget_type=\"image.default\">\n\t\t\t\t<div class=\"elementor-widget-container\">\n\t\t\t<style>\/*! elementor - v3.19.0 - 29-01-2024 *\/\n.elementor-widget-image{text-align:center}.elementor-widget-image a{display:inline-block}.elementor-widget-image a img[src$=\".svg\"]{width:48px}.elementor-widget-image img{vertical-align:middle;display:inline-block}<\/style>\t\t\t\t\t\t\t\t\t\t<img fetchpriority=\"high\" decoding=\"async\" width=\"650\" height=\"528\" src=\"https:\/\/serjoe.com\/wp-content\/uploads\/2023\/01\/about.jpg\" class=\"attachment-full size-full wp-image-1622\" alt=\"\" srcset=\"https:\/\/serjoe.com\/wp-content\/uploads\/2023\/01\/about.jpg 650w, https:\/\/serjoe.com\/wp-content\/uploads\/2023\/01\/about-600x487.jpg 600w\" sizes=\"(max-width: 650px) 100vw, 650px\" \/>\t\t\t\t\t\t\t\t\t\t\t\t\t<\/div>\n\t\t\t\t<\/div>\n\t\t\t\t\t<\/div>\n\t\t<\/div>\n\t\t\t\t\t<\/div>\n\t\t<\/section>\n\t\t\t\t<section class=\"elementor-section elementor-top-section elementor-element elementor-element-cd4120c elementor-section-boxed elementor-section-height-default elementor-section-height-default\" data-id=\"cd4120c\" data-element_type=\"section\">\n\t\t\t\t\t\t<div class=\"elementor-container elementor-column-gap-default\">\n\t\t\t\t\t<div class=\"elementor-column elementor-col-100 elementor-top-column elementor-element elementor-element-0452fd9\" data-id=\"0452fd9\" data-element_type=\"column\">\n\t\t\t<div class=\"elementor-widget-wrap elementor-element-populated\">\n\t\t\t\t\t\t<div class=\"elementor-element elementor-element-b25edef elementor-widget elementor-widget-text-editor\" data-id=\"b25edef\" data-element_type=\"widget\" data-widget_type=\"text-editor.default\">\n\t\t\t\t<div class=\"elementor-widget-container\">\n\t\t\t<style>\/*! elementor - v3.19.0 - 29-01-2024 *\/\n.elementor-widget-text-editor.elementor-drop-cap-view-stacked .elementor-drop-cap{background-color:#69727d;color:#fff}.elementor-widget-text-editor.elementor-drop-cap-view-framed .elementor-drop-cap{color:#69727d;border:3px solid;background-color:transparent}.elementor-widget-text-editor:not(.elementor-drop-cap-view-default) .elementor-drop-cap{margin-top:8px}.elementor-widget-text-editor:not(.elementor-drop-cap-view-default) .elementor-drop-cap-letter{width:1em;height:1em}.elementor-widget-text-editor .elementor-drop-cap{float:left;text-align:center;line-height:1;font-size:50px}.elementor-widget-text-editor .elementor-drop-cap-letter{display:inline-block}<\/style>\t\t\t\t<p>T\u00fcrkiye\u2019de ilk defa uygulanmak \u00fczere, lojistik ve tedarik zinciri dan\u0131\u015fmanl\u0131\u011f\u0131n\u0131 birle\u015ftirerek 3rd(Tedarik Zinciri Dan\u0131\u015fmanl\u0131\u011f\u0131) hizmeti ile sekt\u00f6re de\u011fer \u00fcretme gayretiyle yola \u00e7\u0131kt\u0131k. Sa\u011flad\u0131\u011f\u0131m\u0131z bu hizmetle T\u00fcrkiye\u2019de tedarik zinciri anlay\u0131\u015f\u0131na yeni bir boyut kazand\u0131rd\u0131k.<\/p><p>3rd PL hizmeti ile T\u00fcrkiye&#8217;deki tedarik zinciri i\u015f anlay\u0131\u015f\u0131na boyut kazand\u0131r\u0131yoruz. Serjoe Uluslararas\u0131 Ticaret A.\u015e. mevzuat, lojistik, tedarik zinciri ve y\u00f6netimi alanlar\u0131nda birikim ve deneyimli insan kayna\u011f\u0131na sahiptir. Geni\u015f insan kayna\u011f\u0131m\u0131zdan g\u00fc\u00e7 alarak, i\u015f ortaklar\u0131m\u0131z\u0131n ihtiya\u00e7lar\u0131na s\u00fcrd\u00fcr\u00fclebilir ve s\u00fcrekli geli\u015fen \u00e7\u00f6z\u00fcmler \u00fcretiyoruz.<\/p><p>Serjoe ailesi olarak, organizasyonel b\u00fct\u00fcnl\u00fc\u011f\u00fcn sa\u011flanmas\u0131 i\u00e7in, her par\u00e7an\u0131n i\u015flerli\u011finin d\u00fczenli kontrol edilmesi gerekti\u011finin ve bir zincirin direncini belirlerken her bir halkay\u0131 ayr\u0131 ayr\u0131 ele almak gerekti\u011finin bilincindeyiz. Bu fark\u0131ndal\u0131k noktas\u0131ndan hareketle, organizasyonumuzu her ge\u00e7en g\u00fcn daha da g\u00fc\u00e7lendiriyor ve d\u00fczenli olarak kendisini raporlayan, geli\u015ftiren bir \u015firket haline geliyoruz.<\/p>\t\t\t\t\t\t<\/div>\n\t\t\t\t<\/div>\n\t\t\t\t\t<\/div>\n\t\t<\/div>\n\t\t\t\t\t<\/div>\n\t\t<\/section>\n\t\t\t\t<section class=\"elementor-section elementor-top-section elementor-element elementor-element-502b515c elementor-section-boxed elementor-section-height-default elementor-section-height-default\" data-id=\"502b515c\" data-element_type=\"section\" data-settings=\"{&quot;background_background&quot;:&quot;classic&quot;}\">\n\t\t\t\t\t\t\t<div class=\"elementor-background-overlay\"><\/div>\n\t\t\t\t\t\t\t<div class=\"elementor-container elementor-column-gap-default\">\n\t\t\t\t\t<div class=\"elementor-column elementor-col-50 elementor-top-column elementor-element elementor-element-7464c0b5\" data-id=\"7464c0b5\" data-element_type=\"column\">\n\t\t\t<div class=\"elementor-widget-wrap elementor-element-populated\">\n\t\t\t\t\t\t<div class=\"elementor-element elementor-element-254f0dc5 elementor-widget elementor-widget-gva-heading-block\" data-id=\"254f0dc5\" data-element_type=\"widget\" data-widget_type=\"gva-heading-block.default\">\n\t\t\t\t<div class=\"elementor-widget-container\">\n\t\t\t<div class=\"gva-element-gva-heading-block gva-element\">   <div class=\"align-center style-1 widget gsc-heading box-align-center auto-responsive\">\n      <div class=\"content-inner\">\n         \n         \n         \n           \n         \n                     <h2 class=\"title\">\n               <span>IOR ve EOR hizmetleri i\u00e7in ileti\u015fime ge\u00e7in<\/span>\n            <\/h2>\n                  \n         \n      <\/div>\n   <\/div>\n<\/div>\t\t<\/div>\n\t\t\t\t<\/div>\n\t\t\t\t\t<\/div>\n\t\t<\/div>\n\t\t\t\t<div class=\"elementor-column elementor-col-50 elementor-top-column elementor-element elementor-element-4815f8eb\" data-id=\"4815f8eb\" data-element_type=\"column\">\n\t\t\t<div class=\"elementor-widget-wrap elementor-element-populated\">\n\t\t\t\t\t\t<div class=\"elementor-element elementor-element-5ada4fcb elementor-widget__width-auto elementor-widget-mobile__width-auto elementor-widget elementor-widget-html\" data-id=\"5ada4fcb\" data-element_type=\"widget\" data-widget_type=\"html.default\">\n\t\t\t\t<div class=\"elementor-widget-container\">\n\t\t\t<a class=\"btn-white\" href=\"\/index.php\/tr\/iletisim\">\n    Bize Ula\u015f\u0131n\n<\/a>\t\t<\/div>\n\t\t\t\t<\/div>\n\t\t\t\t\t<\/div>\n\t\t<\/div>\n\t\t\t\t\t<\/div>\n\t\t<\/section>\n\t\t\t\t<\/div>\n\t\t","protected":false},"excerpt":{"rendered":"<p>Hikayemiz her i\u015fletme i\u00e7in dan\u0131\u015fmanl\u0131k bizi tan\u0131y\u0131n Biz Kimiz T\u00fcrkiye\u2019de lojistik ve tedarik zinciri dan\u0131\u015fmanl\u0131\u011f\u0131n\u0131n birbirinden ba\u011f\u0131ms\u0131z \u00e7al\u0131\u015fmas\u0131n\u0131n, ithalat ve ihracatta de\u011fer kayb\u0131na yol a\u00e7t\u0131\u011f\u0131n\u0131 fark etmekteydik.1955 y\u0131l\u0131ndan bu yana [&hellip;]<\/p>\n","protected":false},"author":1,"featured_media":0,"parent":0,"menu_order":0,"comment_status":"closed","ping_status":"closed","template":"","meta":{"footnotes":""},"_links":{"self":[{"href":"https:\/\/serjoe.com\/index.php\/wp-json\/wp\/v2\/pages\/2157"}],"collection":[{"href":"https:\/\/serjoe.com\/index.php\/wp-json\/wp\/v2\/pages"}],"about":[{"href":"https:\/\/serjoe.com\/index.php\/wp-json\/wp\/v2\/types\/page"}],"author":[{"embeddable":true,"href":"https:\/\/serjoe.com\/index.php\/wp-json\/wp\/v2\/users\/1"}],"replies":[{"embeddable":true,"href":"https:\/\/serjoe.com\/index.php\/wp-json\/wp\/v2\/comments?post=2157"}],"version-history":[{"count":16,"href":"https:\/\/serjoe.com\/index.php\/wp-json\/wp\/v2\/pages\/2157\/revisions"}],"predecessor-version":[{"id":2710,"href":"https:\/\/serjoe.com\/index.php\/wp-json\/wp\/v2\/pages\/2157\/revisions\/2710"}],"wp:attachment":[{"href":"https:\/\/serjoe.com\/index.php\/wp-json\/wp\/v2\/media?parent=2157"}],"curies":[{"name":"wp","href":"https:\/\/api.w.org\/{rel}","templated":true}]}}